{"id":8293,"date":"2020-09-30T18:26:28","date_gmt":"2020-09-30T16:26:28","guid":{"rendered":"https:\/\/www.eiffage.pl\/eiffage-in-poland\/register-of-shareholders\/"},"modified":"2020-09-30T18:26:28","modified_gmt":"2020-09-30T16:26:28","slug":"register-of-shareholders","status":"publish","type":"page","link":"https:\/\/www.eiffage.pl\/en\/eiffage-in-poland\/register-of-shareholders\/","title":{"rendered":"Register of Shareholders"},"content":{"rendered":"<p>As a result of the entry into force of the Act on 30 August 2019, amending the Act &#8211; Code of Commercial Companies and certain other laws (Journal of Laws of 2019, item 1798) by 31.12.2020 at the latest. all paper documents of ownership of shares must be submitted to the company in order to be converted into an electronic form. The effective force of the share documents issued by the company shall expire by law on 1 March 2021.<\/p>\n<p>Below is the first call for shareholders to submit share documents at the company&#8217;s headquarters.<\/p>\n<p>We would like to inform you that the Company will keep you informed about the next stages of the process of dematerialization of shares.<\/p>\n<p>If you have any questions or concerns, please contact us in writing to the company&#8217;s address:<\/p>\n<p><strong>Eiffage Polish Construction Joint Stock Company<\/strong><br \/>\nUl. Domaniewska 28<br \/>\n02-672 Warsaw, Poland<\/p>\n<p>or directly to the e-mail address to the Office of the Management Board &#8220;Eiffage Polska Budownictwo&#8221; S.A.: <a href=\"mailto:warszawa@eiffage.com\">warszawa@eiffage.com<\/a><\/p>\n","protected":false},"excerpt":{"rendered":"<p>As a result of the entry into force of the Act on 30 August 2019,&#8230;<\/p>\n","protected":false},"author":4,"featured_media":0,"parent":6812,"menu_order":5,"comment_status":"closed","ping_status":"closed","template":"","meta":{"_acf_changed":false,"footnotes":""},"class_list":["post-8293","page","type-page","status-publish","hentry"],"acf":[],"yoast_head":"<!-- This site is optimized with the Yoast SEO plugin v26.8 - https:\/\/yoast.com\/product\/yoast-seo-wordpress\/ -->\n<title>Register of Shareholders - Eiffage Poland<\/title>\n<meta name=\"robots\" content=\"index, follow, max-snippet:-1, max-image-preview:large, max-video-preview:-1\" \/>\n<link rel=\"canonical\" href=\"https:\/\/www.eiffage.pl\/en\/eiffage-in-poland\/register-of-shareholders\/\" \/>\n<meta name=\"twitter:label1\" content=\"Est. reading time\" \/>\n\t<meta name=\"twitter:data1\" content=\"1 minute\" \/>\n<script type=\"application\/ld+json\" class=\"yoast-schema-graph\">{\"@context\":\"https:\/\/schema.org\",\"@graph\":[{\"@type\":\"WebPage\",\"@id\":\"https:\/\/www.eiffage.pl\/en\/eiffage-in-poland\/register-of-shareholders\/\",\"url\":\"https:\/\/www.eiffage.pl\/en\/eiffage-in-poland\/register-of-shareholders\/\",\"name\":\"Register of Shareholders - Eiffage Poland\",\"isPartOf\":{\"@id\":\"https:\/\/www.eiffage.pl\/#website\"},\"datePublished\":\"2020-09-30T16:26:28+00:00\",\"breadcrumb\":{\"@id\":\"https:\/\/www.eiffage.pl\/en\/eiffage-in-poland\/register-of-shareholders\/#breadcrumb\"},\"inLanguage\":\"en-US\",\"potentialAction\":[{\"@type\":\"ReadAction\",\"target\":[\"https:\/\/www.eiffage.pl\/en\/eiffage-in-poland\/register-of-shareholders\/\"]}]},{\"@type\":\"BreadcrumbList\",\"@id\":\"https:\/\/www.eiffage.pl\/en\/eiffage-in-poland\/register-of-shareholders\/#breadcrumb\",\"itemListElement\":[{\"@type\":\"ListItem\",\"position\":1,\"name\":\"Strona g\u0142\u00f3wna\",\"item\":\"https:\/\/www.eiffage.pl\/en\/\"},{\"@type\":\"ListItem\",\"position\":2,\"name\":\"Eiffage in Poland\",\"item\":\"https:\/\/www.eiffage.pl\/en\/eiffage-in-poland\/\"},{\"@type\":\"ListItem\",\"position\":3,\"name\":\"Register of Shareholders\"}]},{\"@type\":\"WebSite\",\"@id\":\"https:\/\/www.eiffage.pl\/#website\",\"url\":\"https:\/\/www.eiffage.pl\/\",\"name\":\"Eiffage Poland\",\"description\":\"Grupa Eiffage jest jedn\u0105 z najwi\u0119kszych grup budowlanych i operator\u00f3w koncesji w Europie. Firma zrealizowa\u0142a wiele ambitnych i rozpoznawalnych na ca\u0142ym \u015bwiecie projekt\u00f3w. Nale\u017cy do lider\u00f3w w dziedzinie kompleksowego prowadzenia inwestycji w formule PPP. W ramach realizowanych kontrakt\u00f3w wdra\u017ca najnowsze technologie i procedury przyjazne dla \u015brodowiska.\",\"potentialAction\":[{\"@type\":\"SearchAction\",\"target\":{\"@type\":\"EntryPoint\",\"urlTemplate\":\"https:\/\/www.eiffage.pl\/?s={search_term_string}\"},\"query-input\":{\"@type\":\"PropertyValueSpecification\",\"valueRequired\":true,\"valueName\":\"search_term_string\"}}],\"inLanguage\":\"en-US\"}]}<\/script>\n<!-- \/ Yoast SEO plugin. -->","yoast_head_json":{"title":"Register of Shareholders - Eiffage Poland","robots":{"index":"index","follow":"follow","max-snippet":"max-snippet:-1","max-image-preview":"max-image-preview:large","max-video-preview":"max-video-preview:-1"},"canonical":"https:\/\/www.eiffage.pl\/en\/eiffage-in-poland\/register-of-shareholders\/","twitter_misc":{"Est. reading time":"1 minute"},"schema":{"@context":"https:\/\/schema.org","@graph":[{"@type":"WebPage","@id":"https:\/\/www.eiffage.pl\/en\/eiffage-in-poland\/register-of-shareholders\/","url":"https:\/\/www.eiffage.pl\/en\/eiffage-in-poland\/register-of-shareholders\/","name":"Register of Shareholders - Eiffage Poland","isPartOf":{"@id":"https:\/\/www.eiffage.pl\/#website"},"datePublished":"2020-09-30T16:26:28+00:00","breadcrumb":{"@id":"https:\/\/www.eiffage.pl\/en\/eiffage-in-poland\/register-of-shareholders\/#breadcrumb"},"inLanguage":"en-US","potentialAction":[{"@type":"ReadAction","target":["https:\/\/www.eiffage.pl\/en\/eiffage-in-poland\/register-of-shareholders\/"]}]},{"@type":"BreadcrumbList","@id":"https:\/\/www.eiffage.pl\/en\/eiffage-in-poland\/register-of-shareholders\/#breadcrumb","itemListElement":[{"@type":"ListItem","position":1,"name":"Strona g\u0142\u00f3wna","item":"https:\/\/www.eiffage.pl\/en\/"},{"@type":"ListItem","position":2,"name":"Eiffage in Poland","item":"https:\/\/www.eiffage.pl\/en\/eiffage-in-poland\/"},{"@type":"ListItem","position":3,"name":"Register of Shareholders"}]},{"@type":"WebSite","@id":"https:\/\/www.eiffage.pl\/#website","url":"https:\/\/www.eiffage.pl\/","name":"Eiffage Poland","description":"Grupa Eiffage jest jedn\u0105 z najwi\u0119kszych grup budowlanych i operator\u00f3w koncesji w Europie. Firma zrealizowa\u0142a wiele ambitnych i rozpoznawalnych na ca\u0142ym \u015bwiecie projekt\u00f3w. Nale\u017cy do lider\u00f3w w dziedzinie kompleksowego prowadzenia inwestycji w formule PPP. W ramach realizowanych kontrakt\u00f3w wdra\u017ca najnowsze technologie i procedury przyjazne dla \u015brodowiska.","potentialAction":[{"@type":"SearchAction","target":{"@type":"EntryPoint","urlTemplate":"https:\/\/www.eiffage.pl\/?s={search_term_string}"},"query-input":{"@type":"PropertyValueSpecification","valueRequired":true,"valueName":"search_term_string"}}],"inLanguage":"en-US"}]}},"_links":{"self":[{"href":"https:\/\/www.eiffage.pl\/en\/wp-json\/wp\/v2\/pages\/8293","targetHints":{"allow":["GET"]}}],"collection":[{"href":"https:\/\/www.eiffage.pl\/en\/wp-json\/wp\/v2\/pages"}],"about":[{"href":"https:\/\/www.eiffage.pl\/en\/wp-json\/wp\/v2\/types\/page"}],"author":[{"embeddable":true,"href":"https:\/\/www.eiffage.pl\/en\/wp-json\/wp\/v2\/users\/4"}],"replies":[{"embeddable":true,"href":"https:\/\/www.eiffage.pl\/en\/wp-json\/wp\/v2\/comments?post=8293"}],"version-history":[{"count":0,"href":"https:\/\/www.eiffage.pl\/en\/wp-json\/wp\/v2\/pages\/8293\/revisions"}],"up":[{"embeddable":true,"href":"https:\/\/www.eiffage.pl\/en\/wp-json\/wp\/v2\/pages\/6812"}],"wp:attachment":[{"href":"https:\/\/www.eiffage.pl\/en\/wp-json\/wp\/v2\/media?parent=8293"}],"curies":[{"name":"wp","href":"https:\/\/api.w.org\/{rel}","templated":true}]}}