{"id":7517,"date":"2019-11-28T16:40:45","date_gmt":"2019-11-28T15:40:45","guid":{"rendered":"https:\/\/www.eiffage.pl\/engagement\/code-of-conduct\/"},"modified":"2024-09-19T16:47:14","modified_gmt":"2024-09-19T14:47:14","slug":"code-of-conduct","status":"publish","type":"page","link":"https:\/\/www.eiffage.pl\/en\/engagement\/code-of-conduct\/","title":{"rendered":"Code of Conduct and reporting irregularities"},"content":{"rendered":"<blockquote><p>For many years, the Eiffage Group has adopted internal and external ethical operating rules, applied by the relevant stakeholders, including, primarily, the Group&#8217;s employees.<\/p><\/blockquote>\n<p>Such commitments are aimed at promoting integrity and compliance with all aspects of the law, in all territories where the Group operates. They also reflect its determination to base its development on trust and loyalty to its customers and partners.<\/p>\n<p>In an increasingly demanding environment of transparency and precision, this Code of Conduct is intended to define and illustrate the different types of conduct to be proscribed. Such conducts characterise the most serious acts that may be committed within the scope of the Group&#8217;s activities to prevent them from occurring as far as possible, in accordance with the law in force.<\/p>\n<p>Those rules apply reciprocally at every level of the chain: employees, customers, suppliers and partners.<\/p>\n<p>In 2009, Eiffage Group implemented a whistleblowing system in order to eradicate unethical conduct.<\/p>\n<p>The scope of the whistleblowing mechanism introduced in the Group mainly covers non-compliance with the Code of Conduct applicable in the Group, which defines and illustrates the different types of prohibited conduct, including in particular conduct which may be classed as corruption, trading in influence or anti-competitive practices etc.<\/p>\n<p>All Eiffage\u2019s actions personify its values and bring them to life.<\/p>\n<p>&nbsp;<\/p>\n<p style=\"text-align: right;\"><a class=\"read-more d-inline-block\" href=\"https:\/\/www.eiffage.pl\/wp-content\/uploads\/2019\/11\/code-of-conduct-en.pdf\" target=\"_blank\" rel=\"noopener noreferrer\">Code of Conduct<\/a><br \/>\n<a class=\"read-more d-inline-block\" href=\"https:\/\/www.eiffage.pl\/wp-content\/uploads\/2019\/11\/code-of-conduct-annex-en.pdf\" target=\"_blank\" rel=\"noopener noreferrer\">Code of Conduct \u2013 examples<\/a><br \/>\n<a class=\"read-more d-inline-block\" href=\"https:\/\/www.eiffage.pl\/wp-content\/uploads\/2024\/09\/Eiffage-Integrity-Line.pdf\" target=\"_blank\" rel=\"noopener noreferrer\">Reporting irregularities<\/a><br \/>\n<a class=\"read-more d-inline-block\" href=\"\/\/eiffage.integrityline.org\/\" target=\"_blank\" rel=\"noopener noreferrer\">Go to Eiffage Integrity Line<\/a><\/p><\/p>\n","protected":false},"excerpt":{"rendered":"<p>For many years, the Eiffage Group has adopted internal and external ethical operating rules, applied&#8230;<\/p>\n","protected":false},"author":1,"featured_media":0,"parent":6813,"menu_order":6,"comment_status":"closed","ping_status":"closed","template":"","meta":{"_acf_changed":false,"footnotes":""},"class_list":["post-7517","page","type-page","status-publish","hentry"],"acf":[],"yoast_head":"<!-- This site is optimized with the Yoast SEO plugin v26.8 - https:\/\/yoast.com\/product\/yoast-seo-wordpress\/ -->\n<title>Code of Conduct and reporting irregularities - Eiffage Poland<\/title>\n<meta name=\"robots\" content=\"index, follow, max-snippet:-1, max-image-preview:large, max-video-preview:-1\" \/>\n<link rel=\"canonical\" href=\"https:\/\/www.eiffage.pl\/en\/engagement\/code-of-conduct\/\" \/>\n<meta name=\"twitter:label1\" content=\"Est. reading time\" \/>\n\t<meta name=\"twitter:data1\" content=\"1 minute\" \/>\n<script type=\"application\/ld+json\" class=\"yoast-schema-graph\">{\"@context\":\"https:\/\/schema.org\",\"@graph\":[{\"@type\":\"WebPage\",\"@id\":\"https:\/\/www.eiffage.pl\/en\/engagement\/code-of-conduct\/\",\"url\":\"https:\/\/www.eiffage.pl\/en\/engagement\/code-of-conduct\/\",\"name\":\"Code of Conduct and reporting irregularities - Eiffage Poland\",\"isPartOf\":{\"@id\":\"https:\/\/www.eiffage.pl\/#website\"},\"datePublished\":\"2019-11-28T15:40:45+00:00\",\"dateModified\":\"2024-09-19T14:47:14+00:00\",\"breadcrumb\":{\"@id\":\"https:\/\/www.eiffage.pl\/en\/engagement\/code-of-conduct\/#breadcrumb\"},\"inLanguage\":\"en-US\",\"potentialAction\":[{\"@type\":\"ReadAction\",\"target\":[\"https:\/\/www.eiffage.pl\/en\/engagement\/code-of-conduct\/\"]}]},{\"@type\":\"BreadcrumbList\",\"@id\":\"https:\/\/www.eiffage.pl\/en\/engagement\/code-of-conduct\/#breadcrumb\",\"itemListElement\":[{\"@type\":\"ListItem\",\"position\":1,\"name\":\"Strona g\u0142\u00f3wna\",\"item\":\"https:\/\/www.eiffage.pl\/en\/\"},{\"@type\":\"ListItem\",\"position\":2,\"name\":\"Engagement\",\"item\":\"https:\/\/www.eiffage.pl\/en\/engagement\/\"},{\"@type\":\"ListItem\",\"position\":3,\"name\":\"Code of Conduct and reporting irregularities\"}]},{\"@type\":\"WebSite\",\"@id\":\"https:\/\/www.eiffage.pl\/#website\",\"url\":\"https:\/\/www.eiffage.pl\/\",\"name\":\"Eiffage Poland\",\"description\":\"Grupa Eiffage jest jedn\u0105 z najwi\u0119kszych grup budowlanych i operator\u00f3w koncesji w Europie. Firma zrealizowa\u0142a wiele ambitnych i rozpoznawalnych na ca\u0142ym \u015bwiecie projekt\u00f3w. Nale\u017cy do lider\u00f3w w dziedzinie kompleksowego prowadzenia inwestycji w formule PPP. W ramach realizowanych kontrakt\u00f3w wdra\u017ca najnowsze technologie i procedury przyjazne dla \u015brodowiska.\",\"potentialAction\":[{\"@type\":\"SearchAction\",\"target\":{\"@type\":\"EntryPoint\",\"urlTemplate\":\"https:\/\/www.eiffage.pl\/?s={search_term_string}\"},\"query-input\":{\"@type\":\"PropertyValueSpecification\",\"valueRequired\":true,\"valueName\":\"search_term_string\"}}],\"inLanguage\":\"en-US\"}]}<\/script>\n<!-- \/ Yoast SEO plugin. -->","yoast_head_json":{"title":"Code of Conduct and reporting irregularities - Eiffage Poland","robots":{"index":"index","follow":"follow","max-snippet":"max-snippet:-1","max-image-preview":"max-image-preview:large","max-video-preview":"max-video-preview:-1"},"canonical":"https:\/\/www.eiffage.pl\/en\/engagement\/code-of-conduct\/","twitter_misc":{"Est. reading time":"1 minute"},"schema":{"@context":"https:\/\/schema.org","@graph":[{"@type":"WebPage","@id":"https:\/\/www.eiffage.pl\/en\/engagement\/code-of-conduct\/","url":"https:\/\/www.eiffage.pl\/en\/engagement\/code-of-conduct\/","name":"Code of Conduct and reporting irregularities - Eiffage Poland","isPartOf":{"@id":"https:\/\/www.eiffage.pl\/#website"},"datePublished":"2019-11-28T15:40:45+00:00","dateModified":"2024-09-19T14:47:14+00:00","breadcrumb":{"@id":"https:\/\/www.eiffage.pl\/en\/engagement\/code-of-conduct\/#breadcrumb"},"inLanguage":"en-US","potentialAction":[{"@type":"ReadAction","target":["https:\/\/www.eiffage.pl\/en\/engagement\/code-of-conduct\/"]}]},{"@type":"BreadcrumbList","@id":"https:\/\/www.eiffage.pl\/en\/engagement\/code-of-conduct\/#breadcrumb","itemListElement":[{"@type":"ListItem","position":1,"name":"Strona g\u0142\u00f3wna","item":"https:\/\/www.eiffage.pl\/en\/"},{"@type":"ListItem","position":2,"name":"Engagement","item":"https:\/\/www.eiffage.pl\/en\/engagement\/"},{"@type":"ListItem","position":3,"name":"Code of Conduct and reporting irregularities"}]},{"@type":"WebSite","@id":"https:\/\/www.eiffage.pl\/#website","url":"https:\/\/www.eiffage.pl\/","name":"Eiffage Poland","description":"Grupa Eiffage jest jedn\u0105 z najwi\u0119kszych grup budowlanych i operator\u00f3w koncesji w Europie. Firma zrealizowa\u0142a wiele ambitnych i rozpoznawalnych na ca\u0142ym \u015bwiecie projekt\u00f3w. Nale\u017cy do lider\u00f3w w dziedzinie kompleksowego prowadzenia inwestycji w formule PPP. W ramach realizowanych kontrakt\u00f3w wdra\u017ca najnowsze technologie i procedury przyjazne dla \u015brodowiska.","potentialAction":[{"@type":"SearchAction","target":{"@type":"EntryPoint","urlTemplate":"https:\/\/www.eiffage.pl\/?s={search_term_string}"},"query-input":{"@type":"PropertyValueSpecification","valueRequired":true,"valueName":"search_term_string"}}],"inLanguage":"en-US"}]}},"_links":{"self":[{"href":"https:\/\/www.eiffage.pl\/en\/wp-json\/wp\/v2\/pages\/7517","targetHints":{"allow":["GET"]}}],"collection":[{"href":"https:\/\/www.eiffage.pl\/en\/wp-json\/wp\/v2\/pages"}],"about":[{"href":"https:\/\/www.eiffage.pl\/en\/wp-json\/wp\/v2\/types\/page"}],"author":[{"embeddable":true,"href":"https:\/\/www.eiffage.pl\/en\/wp-json\/wp\/v2\/users\/1"}],"replies":[{"embeddable":true,"href":"https:\/\/www.eiffage.pl\/en\/wp-json\/wp\/v2\/comments?post=7517"}],"version-history":[{"count":4,"href":"https:\/\/www.eiffage.pl\/en\/wp-json\/wp\/v2\/pages\/7517\/revisions"}],"predecessor-version":[{"id":11410,"href":"https:\/\/www.eiffage.pl\/en\/wp-json\/wp\/v2\/pages\/7517\/revisions\/11410"}],"up":[{"embeddable":true,"href":"https:\/\/www.eiffage.pl\/en\/wp-json\/wp\/v2\/pages\/6813"}],"wp:attachment":[{"href":"https:\/\/www.eiffage.pl\/en\/wp-json\/wp\/v2\/media?parent=7517"}],"curies":[{"name":"wp","href":"https:\/\/api.w.org\/{rel}","templated":true}]}}