{"id":6859,"date":"2019-01-21T08:03:14","date_gmt":"2019-01-21T07:03:14","guid":{"rendered":"https:\/\/www.eiffage.pl\/activity\/immobilier\/"},"modified":"2019-08-06T14:08:29","modified_gmt":"2019-08-06T12:08:29","slug":"immobilier","status":"publish","type":"page","link":"https:\/\/www.eiffage.pl\/en\/activity\/immobilier\/","title":{"rendered":"Immobilier"},"content":{"rendered":"<blockquote><p>A perfect synergy<\/p>\n<p>Eiffage Immobillier Polska is a developer of housing investments, rental investments, commercial properties, and urban development.<\/p><\/blockquote>\n<p>Eiffage business model is based on close cooperation between the Developer and the General Contractor. The executive general contractor of all investments is Eiffage Polska Budownictwo. Eiffage Immobilier Polska provides its clients with experience and knowledge, starting from the conceptual phase, running the project through the following stages up to completion.<\/p>\n","protected":false},"excerpt":{"rendered":"<p>A perfect synergy Eiffage Immobillier Polska is a developer of housing investments, rental investments, commercial&#8230;<\/p>\n","protected":false},"author":1,"featured_media":0,"parent":6814,"menu_order":2,"comment_status":"closed","ping_status":"closed","template":"templates\/page-immobilier.php","meta":{"_acf_changed":false,"footnotes":""},"class_list":["post-6859","page","type-page","status-publish","hentry"],"acf":[],"yoast_head":"<!-- This site is optimized with the Yoast SEO plugin v26.8 - https:\/\/yoast.com\/product\/yoast-seo-wordpress\/ -->\n<title>Immobilier - Eiffage Poland<\/title>\n<meta name=\"robots\" content=\"index, follow, max-snippet:-1, max-image-preview:large, max-video-preview:-1\" \/>\n<link rel=\"canonical\" href=\"https:\/\/www.eiffage.pl\/en\/activity\/immobilier\/\" \/>\n<script type=\"application\/ld+json\" class=\"yoast-schema-graph\">{\"@context\":\"https:\/\/schema.org\",\"@graph\":[{\"@type\":\"WebPage\",\"@id\":\"https:\/\/www.eiffage.pl\/en\/activity\/immobilier\/\",\"url\":\"https:\/\/www.eiffage.pl\/en\/activity\/immobilier\/\",\"name\":\"Immobilier - Eiffage Poland\",\"isPartOf\":{\"@id\":\"https:\/\/www.eiffage.pl\/#website\"},\"datePublished\":\"2019-01-21T07:03:14+00:00\",\"dateModified\":\"2019-08-06T12:08:29+00:00\",\"breadcrumb\":{\"@id\":\"https:\/\/www.eiffage.pl\/en\/activity\/immobilier\/#breadcrumb\"},\"inLanguage\":\"en-US\",\"potentialAction\":[{\"@type\":\"ReadAction\",\"target\":[\"https:\/\/www.eiffage.pl\/en\/activity\/immobilier\/\"]}]},{\"@type\":\"BreadcrumbList\",\"@id\":\"https:\/\/www.eiffage.pl\/en\/activity\/immobilier\/#breadcrumb\",\"itemListElement\":[{\"@type\":\"ListItem\",\"position\":1,\"name\":\"Strona g\u0142\u00f3wna\",\"item\":\"https:\/\/www.eiffage.pl\/en\/\"},{\"@type\":\"ListItem\",\"position\":2,\"name\":\"Activity\",\"item\":\"https:\/\/www.eiffage.pl\/en\/activity\/\"},{\"@type\":\"ListItem\",\"position\":3,\"name\":\"Immobilier\"}]},{\"@type\":\"WebSite\",\"@id\":\"https:\/\/www.eiffage.pl\/#website\",\"url\":\"https:\/\/www.eiffage.pl\/\",\"name\":\"Eiffage Poland\",\"description\":\"Grupa Eiffage jest jedn\u0105 z najwi\u0119kszych grup budowlanych i operator\u00f3w koncesji w Europie. Firma zrealizowa\u0142a wiele ambitnych i rozpoznawalnych na ca\u0142ym \u015bwiecie projekt\u00f3w. Nale\u017cy do lider\u00f3w w dziedzinie kompleksowego prowadzenia inwestycji w formule PPP. W ramach realizowanych kontrakt\u00f3w wdra\u017ca najnowsze technologie i procedury przyjazne dla \u015brodowiska.\",\"potentialAction\":[{\"@type\":\"SearchAction\",\"target\":{\"@type\":\"EntryPoint\",\"urlTemplate\":\"https:\/\/www.eiffage.pl\/?s={search_term_string}\"},\"query-input\":{\"@type\":\"PropertyValueSpecification\",\"valueRequired\":true,\"valueName\":\"search_term_string\"}}],\"inLanguage\":\"en-US\"}]}<\/script>\n<!-- \/ Yoast SEO plugin. -->","yoast_head_json":{"title":"Immobilier - Eiffage Poland","robots":{"index":"index","follow":"follow","max-snippet":"max-snippet:-1","max-image-preview":"max-image-preview:large","max-video-preview":"max-video-preview:-1"},"canonical":"https:\/\/www.eiffage.pl\/en\/activity\/immobilier\/","schema":{"@context":"https:\/\/schema.org","@graph":[{"@type":"WebPage","@id":"https:\/\/www.eiffage.pl\/en\/activity\/immobilier\/","url":"https:\/\/www.eiffage.pl\/en\/activity\/immobilier\/","name":"Immobilier - Eiffage Poland","isPartOf":{"@id":"https:\/\/www.eiffage.pl\/#website"},"datePublished":"2019-01-21T07:03:14+00:00","dateModified":"2019-08-06T12:08:29+00:00","breadcrumb":{"@id":"https:\/\/www.eiffage.pl\/en\/activity\/immobilier\/#breadcrumb"},"inLanguage":"en-US","potentialAction":[{"@type":"ReadAction","target":["https:\/\/www.eiffage.pl\/en\/activity\/immobilier\/"]}]},{"@type":"BreadcrumbList","@id":"https:\/\/www.eiffage.pl\/en\/activity\/immobilier\/#breadcrumb","itemListElement":[{"@type":"ListItem","position":1,"name":"Strona g\u0142\u00f3wna","item":"https:\/\/www.eiffage.pl\/en\/"},{"@type":"ListItem","position":2,"name":"Activity","item":"https:\/\/www.eiffage.pl\/en\/activity\/"},{"@type":"ListItem","position":3,"name":"Immobilier"}]},{"@type":"WebSite","@id":"https:\/\/www.eiffage.pl\/#website","url":"https:\/\/www.eiffage.pl\/","name":"Eiffage Poland","description":"Grupa Eiffage jest jedn\u0105 z najwi\u0119kszych grup budowlanych i operator\u00f3w koncesji w Europie. Firma zrealizowa\u0142a wiele ambitnych i rozpoznawalnych na ca\u0142ym \u015bwiecie projekt\u00f3w. Nale\u017cy do lider\u00f3w w dziedzinie kompleksowego prowadzenia inwestycji w formule PPP. W ramach realizowanych kontrakt\u00f3w wdra\u017ca najnowsze technologie i procedury przyjazne dla \u015brodowiska.","potentialAction":[{"@type":"SearchAction","target":{"@type":"EntryPoint","urlTemplate":"https:\/\/www.eiffage.pl\/?s={search_term_string}"},"query-input":{"@type":"PropertyValueSpecification","valueRequired":true,"valueName":"search_term_string"}}],"inLanguage":"en-US"}]}},"_links":{"self":[{"href":"https:\/\/www.eiffage.pl\/en\/wp-json\/wp\/v2\/pages\/6859","targetHints":{"allow":["GET"]}}],"collection":[{"href":"https:\/\/www.eiffage.pl\/en\/wp-json\/wp\/v2\/pages"}],"about":[{"href":"https:\/\/www.eiffage.pl\/en\/wp-json\/wp\/v2\/types\/page"}],"author":[{"embeddable":true,"href":"https:\/\/www.eiffage.pl\/en\/wp-json\/wp\/v2\/users\/1"}],"replies":[{"embeddable":true,"href":"https:\/\/www.eiffage.pl\/en\/wp-json\/wp\/v2\/comments?post=6859"}],"version-history":[{"count":1,"href":"https:\/\/www.eiffage.pl\/en\/wp-json\/wp\/v2\/pages\/6859\/revisions"}],"predecessor-version":[{"id":6934,"href":"https:\/\/www.eiffage.pl\/en\/wp-json\/wp\/v2\/pages\/6859\/revisions\/6934"}],"up":[{"embeddable":true,"href":"https:\/\/www.eiffage.pl\/en\/wp-json\/wp\/v2\/pages\/6814"}],"wp:attachment":[{"href":"https:\/\/www.eiffage.pl\/en\/wp-json\/wp\/v2\/media?parent=6859"}],"curies":[{"name":"wp","href":"https:\/\/api.w.org\/{rel}","templated":true}]}}