{"id":6858,"date":"2019-01-21T08:02:15","date_gmt":"2019-01-21T07:02:15","guid":{"rendered":"https:\/\/www.eiffage.pl\/activity\/construction\/"},"modified":"2024-09-19T15:10:05","modified_gmt":"2024-09-19T13:10:05","slug":"construction","status":"publish","type":"page","link":"https:\/\/www.eiffage.pl\/en\/activity\/construction\/","title":{"rendered":"Construction"},"content":{"rendered":"<blockquote><p>Eiffage Polska Budownictwo has been systematically expanding experience in various construction sectors for over 35 years.<\/p><\/blockquote>\n<p>EPB has completed over 670 projects, including hotels, shopping centers, industrial facilities, service and housing. It has implemented the visionary ideas of bold architects and investors and turns them into reality. Based on its &#8220;Design &amp; Build&#8221; method, Eiffage has successfully built in the country, including many turnkey investments.<\/p>\n","protected":false},"excerpt":{"rendered":"<p>Eiffage Polska Budownictwo has been systematically expanding experience in various construction sectors for over 35&#8230;<\/p>\n","protected":false},"author":1,"featured_media":0,"parent":6814,"menu_order":1,"comment_status":"closed","ping_status":"closed","template":"templates\/page-budownictwo.php","meta":{"_acf_changed":false,"footnotes":""},"class_list":["post-6858","page","type-page","status-publish","hentry"],"acf":[],"yoast_head":"<!-- This site is optimized with the Yoast SEO plugin v26.8 - https:\/\/yoast.com\/product\/yoast-seo-wordpress\/ -->\n<title>Construction - Eiffage Poland<\/title>\n<meta name=\"description\" content=\"Eiffage Polska Budownictwo has been systematically expanding experience in various construction sectors for over 35 years.\" \/>\n<meta name=\"robots\" content=\"index, follow, max-snippet:-1, max-image-preview:large, max-video-preview:-1\" \/>\n<link rel=\"canonical\" href=\"https:\/\/www.eiffage.pl\/en\/activity\/construction\/\" \/>\n<script type=\"application\/ld+json\" class=\"yoast-schema-graph\">{\"@context\":\"https:\/\/schema.org\",\"@graph\":[{\"@type\":\"WebPage\",\"@id\":\"https:\/\/www.eiffage.pl\/en\/activity\/construction\/\",\"url\":\"https:\/\/www.eiffage.pl\/en\/activity\/construction\/\",\"name\":\"Construction - Eiffage Poland\",\"isPartOf\":{\"@id\":\"https:\/\/www.eiffage.pl\/#website\"},\"datePublished\":\"2019-01-21T07:02:15+00:00\",\"dateModified\":\"2024-09-19T13:10:05+00:00\",\"description\":\"Eiffage Polska Budownictwo has been systematically expanding experience in various construction sectors for over 35 years.\",\"breadcrumb\":{\"@id\":\"https:\/\/www.eiffage.pl\/en\/activity\/construction\/#breadcrumb\"},\"inLanguage\":\"en-US\",\"potentialAction\":[{\"@type\":\"ReadAction\",\"target\":[\"https:\/\/www.eiffage.pl\/en\/activity\/construction\/\"]}]},{\"@type\":\"BreadcrumbList\",\"@id\":\"https:\/\/www.eiffage.pl\/en\/activity\/construction\/#breadcrumb\",\"itemListElement\":[{\"@type\":\"ListItem\",\"position\":1,\"name\":\"Strona g\u0142\u00f3wna\",\"item\":\"https:\/\/www.eiffage.pl\/en\/\"},{\"@type\":\"ListItem\",\"position\":2,\"name\":\"Activity\",\"item\":\"https:\/\/www.eiffage.pl\/en\/activity\/\"},{\"@type\":\"ListItem\",\"position\":3,\"name\":\"Construction\"}]},{\"@type\":\"WebSite\",\"@id\":\"https:\/\/www.eiffage.pl\/#website\",\"url\":\"https:\/\/www.eiffage.pl\/\",\"name\":\"Eiffage Poland\",\"description\":\"Grupa Eiffage jest jedn\u0105 z najwi\u0119kszych grup budowlanych i operator\u00f3w koncesji w Europie. Firma zrealizowa\u0142a wiele ambitnych i rozpoznawalnych na ca\u0142ym \u015bwiecie projekt\u00f3w. Nale\u017cy do lider\u00f3w w dziedzinie kompleksowego prowadzenia inwestycji w formule PPP. W ramach realizowanych kontrakt\u00f3w wdra\u017ca najnowsze technologie i procedury przyjazne dla \u015brodowiska.\",\"potentialAction\":[{\"@type\":\"SearchAction\",\"target\":{\"@type\":\"EntryPoint\",\"urlTemplate\":\"https:\/\/www.eiffage.pl\/?s={search_term_string}\"},\"query-input\":{\"@type\":\"PropertyValueSpecification\",\"valueRequired\":true,\"valueName\":\"search_term_string\"}}],\"inLanguage\":\"en-US\"}]}<\/script>\n<!-- \/ Yoast SEO plugin. -->","yoast_head_json":{"title":"Construction - Eiffage Poland","description":"Eiffage Polska Budownictwo has been systematically expanding experience in various construction sectors for over 35 years.","robots":{"index":"index","follow":"follow","max-snippet":"max-snippet:-1","max-image-preview":"max-image-preview:large","max-video-preview":"max-video-preview:-1"},"canonical":"https:\/\/www.eiffage.pl\/en\/activity\/construction\/","schema":{"@context":"https:\/\/schema.org","@graph":[{"@type":"WebPage","@id":"https:\/\/www.eiffage.pl\/en\/activity\/construction\/","url":"https:\/\/www.eiffage.pl\/en\/activity\/construction\/","name":"Construction - Eiffage Poland","isPartOf":{"@id":"https:\/\/www.eiffage.pl\/#website"},"datePublished":"2019-01-21T07:02:15+00:00","dateModified":"2024-09-19T13:10:05+00:00","description":"Eiffage Polska Budownictwo has been systematically expanding experience in various construction sectors for over 35 years.","breadcrumb":{"@id":"https:\/\/www.eiffage.pl\/en\/activity\/construction\/#breadcrumb"},"inLanguage":"en-US","potentialAction":[{"@type":"ReadAction","target":["https:\/\/www.eiffage.pl\/en\/activity\/construction\/"]}]},{"@type":"BreadcrumbList","@id":"https:\/\/www.eiffage.pl\/en\/activity\/construction\/#breadcrumb","itemListElement":[{"@type":"ListItem","position":1,"name":"Strona g\u0142\u00f3wna","item":"https:\/\/www.eiffage.pl\/en\/"},{"@type":"ListItem","position":2,"name":"Activity","item":"https:\/\/www.eiffage.pl\/en\/activity\/"},{"@type":"ListItem","position":3,"name":"Construction"}]},{"@type":"WebSite","@id":"https:\/\/www.eiffage.pl\/#website","url":"https:\/\/www.eiffage.pl\/","name":"Eiffage Poland","description":"Grupa Eiffage jest jedn\u0105 z najwi\u0119kszych grup budowlanych i operator\u00f3w koncesji w Europie. Firma zrealizowa\u0142a wiele ambitnych i rozpoznawalnych na ca\u0142ym \u015bwiecie projekt\u00f3w. Nale\u017cy do lider\u00f3w w dziedzinie kompleksowego prowadzenia inwestycji w formule PPP. W ramach realizowanych kontrakt\u00f3w wdra\u017ca najnowsze technologie i procedury przyjazne dla \u015brodowiska.","potentialAction":[{"@type":"SearchAction","target":{"@type":"EntryPoint","urlTemplate":"https:\/\/www.eiffage.pl\/?s={search_term_string}"},"query-input":{"@type":"PropertyValueSpecification","valueRequired":true,"valueName":"search_term_string"}}],"inLanguage":"en-US"}]}},"_links":{"self":[{"href":"https:\/\/www.eiffage.pl\/en\/wp-json\/wp\/v2\/pages\/6858","targetHints":{"allow":["GET"]}}],"collection":[{"href":"https:\/\/www.eiffage.pl\/en\/wp-json\/wp\/v2\/pages"}],"about":[{"href":"https:\/\/www.eiffage.pl\/en\/wp-json\/wp\/v2\/types\/page"}],"author":[{"embeddable":true,"href":"https:\/\/www.eiffage.pl\/en\/wp-json\/wp\/v2\/users\/1"}],"replies":[{"embeddable":true,"href":"https:\/\/www.eiffage.pl\/en\/wp-json\/wp\/v2\/comments?post=6858"}],"version-history":[{"count":1,"href":"https:\/\/www.eiffage.pl\/en\/wp-json\/wp\/v2\/pages\/6858\/revisions"}],"predecessor-version":[{"id":11401,"href":"https:\/\/www.eiffage.pl\/en\/wp-json\/wp\/v2\/pages\/6858\/revisions\/11401"}],"up":[{"embeddable":true,"href":"https:\/\/www.eiffage.pl\/en\/wp-json\/wp\/v2\/pages\/6814"}],"wp:attachment":[{"href":"https:\/\/www.eiffage.pl\/en\/wp-json\/wp\/v2\/media?parent=6858"}],"curies":[{"name":"wp","href":"https:\/\/api.w.org\/{rel}","templated":true}]}}