{"id":6856,"date":"2019-01-21T07:59:12","date_gmt":"2019-01-21T06:59:12","guid":{"rendered":"https:\/\/www.eiffage.pl\/innovation\/responsible-building-construction\/"},"modified":"2019-01-21T07:59:12","modified_gmt":"2019-01-21T06:59:12","slug":"responsible-building-construction","status":"publish","type":"page","link":"https:\/\/www.eiffage.pl\/en\/innovation\/responsible-building-construction\/","title":{"rendered":"Responsible building construction"},"content":{"rendered":"<blockquote><p>Eiffage supports the idea of responsible construction ensuring space planning, which can create better urban organisms, that is:<\/p><\/blockquote>\n<ul>\n<li>harmoniously designed, aesthetic;<\/li>\n<li>environmentally friendly: created using new technologies and solutions that allow to reduce significantly the carbon footprint during construction and use;<\/li>\n<li>available &#8211; offering a good place to live for both owners and tenants;<\/li>\n<li>combining various functions &#8211; which limits the necessity of daily, long trips to work, shopping, school, seeking entertainment or a greenery;<\/li>\n<li>conducive to the integration of local communities &#8211; liberating positive energy of inhabitants, encouraging to cooperate &#8211; regardless of their age or material status.<\/li>\n<\/ul>\n<p>&nbsp;<\/p>\n<p><strong>In many of the Eiffage projects, you can see:<\/strong><\/p>\n<ul>\n<li>carefully following the needs of residents (projects of pro-social character, buildings and neighborhoods residents friendly, design in harmony with the local landscape, buildings dipped in well-planned greenery) and ecological challenges (wide use of environmentally friendly technologies and materials);<\/li>\n<li>creating neighborhoods combining various functions, where you can live well, work, learn or study, spend your free time, etc. \u2013 which reduces the need for daily travel, and as a result: reduces CO2 emissions.<\/li>\n<\/ul>\n","protected":false},"excerpt":{"rendered":"<p>Eiffage supports the idea of responsible construction ensuring space planning, which can create better urban&#8230;<\/p>\n","protected":false},"author":1,"featured_media":0,"parent":6854,"menu_order":2,"comment_status":"closed","ping_status":"closed","template":"templates\/page-odpowiedzialne-budownictwo.php","meta":{"_acf_changed":false,"footnotes":""},"class_list":["post-6856","page","type-page","status-publish","hentry"],"acf":[],"yoast_head":"<!-- This site is optimized with the Yoast SEO plugin v26.8 - https:\/\/yoast.com\/product\/yoast-seo-wordpress\/ -->\n<title>Responsible building construction - Eiffage Poland<\/title>\n<meta name=\"robots\" content=\"index, follow, max-snippet:-1, max-image-preview:large, max-video-preview:-1\" \/>\n<link rel=\"canonical\" href=\"https:\/\/www.eiffage.pl\/en\/innovation\/responsible-building-construction\/\" \/>\n<meta name=\"twitter:label1\" content=\"Est. reading time\" \/>\n\t<meta name=\"twitter:data1\" content=\"1 minute\" \/>\n<script type=\"application\/ld+json\" class=\"yoast-schema-graph\">{\"@context\":\"https:\/\/schema.org\",\"@graph\":[{\"@type\":\"WebPage\",\"@id\":\"https:\/\/www.eiffage.pl\/en\/innovation\/responsible-building-construction\/\",\"url\":\"https:\/\/www.eiffage.pl\/en\/innovation\/responsible-building-construction\/\",\"name\":\"Responsible building construction - Eiffage Poland\",\"isPartOf\":{\"@id\":\"https:\/\/www.eiffage.pl\/#website\"},\"datePublished\":\"2019-01-21T06:59:12+00:00\",\"breadcrumb\":{\"@id\":\"https:\/\/www.eiffage.pl\/en\/innovation\/responsible-building-construction\/#breadcrumb\"},\"inLanguage\":\"en-US\",\"potentialAction\":[{\"@type\":\"ReadAction\",\"target\":[\"https:\/\/www.eiffage.pl\/en\/innovation\/responsible-building-construction\/\"]}]},{\"@type\":\"BreadcrumbList\",\"@id\":\"https:\/\/www.eiffage.pl\/en\/innovation\/responsible-building-construction\/#breadcrumb\",\"itemListElement\":[{\"@type\":\"ListItem\",\"position\":1,\"name\":\"Strona g\u0142\u00f3wna\",\"item\":\"https:\/\/www.eiffage.pl\/en\/\"},{\"@type\":\"ListItem\",\"position\":2,\"name\":\"Innovation\",\"item\":\"https:\/\/www.eiffage.pl\/en\/innovation\/\"},{\"@type\":\"ListItem\",\"position\":3,\"name\":\"Responsible building construction\"}]},{\"@type\":\"WebSite\",\"@id\":\"https:\/\/www.eiffage.pl\/#website\",\"url\":\"https:\/\/www.eiffage.pl\/\",\"name\":\"Eiffage Poland\",\"description\":\"Grupa Eiffage jest jedn\u0105 z najwi\u0119kszych grup budowlanych i operator\u00f3w koncesji w Europie. Firma zrealizowa\u0142a wiele ambitnych i rozpoznawalnych na ca\u0142ym \u015bwiecie projekt\u00f3w. Nale\u017cy do lider\u00f3w w dziedzinie kompleksowego prowadzenia inwestycji w formule PPP. W ramach realizowanych kontrakt\u00f3w wdra\u017ca najnowsze technologie i procedury przyjazne dla \u015brodowiska.\",\"potentialAction\":[{\"@type\":\"SearchAction\",\"target\":{\"@type\":\"EntryPoint\",\"urlTemplate\":\"https:\/\/www.eiffage.pl\/?s={search_term_string}\"},\"query-input\":{\"@type\":\"PropertyValueSpecification\",\"valueRequired\":true,\"valueName\":\"search_term_string\"}}],\"inLanguage\":\"en-US\"}]}<\/script>\n<!-- \/ Yoast SEO plugin. -->","yoast_head_json":{"title":"Responsible building construction - Eiffage Poland","robots":{"index":"index","follow":"follow","max-snippet":"max-snippet:-1","max-image-preview":"max-image-preview:large","max-video-preview":"max-video-preview:-1"},"canonical":"https:\/\/www.eiffage.pl\/en\/innovation\/responsible-building-construction\/","twitter_misc":{"Est. reading time":"1 minute"},"schema":{"@context":"https:\/\/schema.org","@graph":[{"@type":"WebPage","@id":"https:\/\/www.eiffage.pl\/en\/innovation\/responsible-building-construction\/","url":"https:\/\/www.eiffage.pl\/en\/innovation\/responsible-building-construction\/","name":"Responsible building construction - Eiffage Poland","isPartOf":{"@id":"https:\/\/www.eiffage.pl\/#website"},"datePublished":"2019-01-21T06:59:12+00:00","breadcrumb":{"@id":"https:\/\/www.eiffage.pl\/en\/innovation\/responsible-building-construction\/#breadcrumb"},"inLanguage":"en-US","potentialAction":[{"@type":"ReadAction","target":["https:\/\/www.eiffage.pl\/en\/innovation\/responsible-building-construction\/"]}]},{"@type":"BreadcrumbList","@id":"https:\/\/www.eiffage.pl\/en\/innovation\/responsible-building-construction\/#breadcrumb","itemListElement":[{"@type":"ListItem","position":1,"name":"Strona g\u0142\u00f3wna","item":"https:\/\/www.eiffage.pl\/en\/"},{"@type":"ListItem","position":2,"name":"Innovation","item":"https:\/\/www.eiffage.pl\/en\/innovation\/"},{"@type":"ListItem","position":3,"name":"Responsible building construction"}]},{"@type":"WebSite","@id":"https:\/\/www.eiffage.pl\/#website","url":"https:\/\/www.eiffage.pl\/","name":"Eiffage Poland","description":"Grupa Eiffage jest jedn\u0105 z najwi\u0119kszych grup budowlanych i operator\u00f3w koncesji w Europie. Firma zrealizowa\u0142a wiele ambitnych i rozpoznawalnych na ca\u0142ym \u015bwiecie projekt\u00f3w. Nale\u017cy do lider\u00f3w w dziedzinie kompleksowego prowadzenia inwestycji w formule PPP. W ramach realizowanych kontrakt\u00f3w wdra\u017ca najnowsze technologie i procedury przyjazne dla \u015brodowiska.","potentialAction":[{"@type":"SearchAction","target":{"@type":"EntryPoint","urlTemplate":"https:\/\/www.eiffage.pl\/?s={search_term_string}"},"query-input":{"@type":"PropertyValueSpecification","valueRequired":true,"valueName":"search_term_string"}}],"inLanguage":"en-US"}]}},"_links":{"self":[{"href":"https:\/\/www.eiffage.pl\/en\/wp-json\/wp\/v2\/pages\/6856","targetHints":{"allow":["GET"]}}],"collection":[{"href":"https:\/\/www.eiffage.pl\/en\/wp-json\/wp\/v2\/pages"}],"about":[{"href":"https:\/\/www.eiffage.pl\/en\/wp-json\/wp\/v2\/types\/page"}],"author":[{"embeddable":true,"href":"https:\/\/www.eiffage.pl\/en\/wp-json\/wp\/v2\/users\/1"}],"replies":[{"embeddable":true,"href":"https:\/\/www.eiffage.pl\/en\/wp-json\/wp\/v2\/comments?post=6856"}],"version-history":[{"count":0,"href":"https:\/\/www.eiffage.pl\/en\/wp-json\/wp\/v2\/pages\/6856\/revisions"}],"up":[{"embeddable":true,"href":"https:\/\/www.eiffage.pl\/en\/wp-json\/wp\/v2\/pages\/6854"}],"wp:attachment":[{"href":"https:\/\/www.eiffage.pl\/en\/wp-json\/wp\/v2\/media?parent=6856"}],"curies":[{"name":"wp","href":"https:\/\/api.w.org\/{rel}","templated":true}]}}