{"id":6846,"date":"2019-01-21T07:53:25","date_gmt":"2019-01-21T06:53:25","guid":{"rendered":"https:\/\/www.eiffage.pl\/engagement\/environmental-protection\/"},"modified":"2020-08-24T11:33:35","modified_gmt":"2020-08-24T09:33:35","slug":"environmental-protection","status":"publish","type":"page","link":"https:\/\/www.eiffage.pl\/en\/engagement\/environmental-protection\/","title":{"rendered":"Environmental protection"},"content":{"rendered":"<blockquote><p>Our Group is aware of the challenges that must be met in order to achieve sustainable growth.<\/p><\/blockquote>\n<p>Our activities consume various non-renewable natural resources such as water, soil, mineral rawmaterials, etc. On the other hand, they directly or indirectly impact natural ecosystems. We therefore intend to meet these challenges for each of our business lines, measure our impacts and provide solutions to contain the resulting environmental damage.<\/p>\n<p>The Eiffage companies in Poland operate on the basis of the Integrated Management System, including the quality management system according to the <strong>ISO 9001<\/strong> standard, the environmental management system according to I<strong>SO 14001<\/strong>.<\/p>\n","protected":false},"excerpt":{"rendered":"<p>Our Group is aware of the challenges that must be met in order to achieve&#8230;<\/p>\n","protected":false},"author":1,"featured_media":0,"parent":6813,"menu_order":4,"comment_status":"closed","ping_status":"closed","template":"","meta":{"_acf_changed":false,"footnotes":""},"class_list":["post-6846","page","type-page","status-publish","hentry"],"acf":[],"yoast_head":"<!-- This site is optimized with the Yoast SEO plugin v26.8 - https:\/\/yoast.com\/product\/yoast-seo-wordpress\/ -->\n<title>Environmental protection - Eiffage Poland<\/title>\n<meta name=\"robots\" content=\"index, follow, max-snippet:-1, max-image-preview:large, max-video-preview:-1\" \/>\n<link rel=\"canonical\" href=\"https:\/\/www.eiffage.pl\/en\/engagement\/environmental-protection\/\" \/>\n<script type=\"application\/ld+json\" class=\"yoast-schema-graph\">{\"@context\":\"https:\/\/schema.org\",\"@graph\":[{\"@type\":\"WebPage\",\"@id\":\"https:\/\/www.eiffage.pl\/en\/engagement\/environmental-protection\/\",\"url\":\"https:\/\/www.eiffage.pl\/en\/engagement\/environmental-protection\/\",\"name\":\"Environmental protection - Eiffage Poland\",\"isPartOf\":{\"@id\":\"https:\/\/www.eiffage.pl\/#website\"},\"datePublished\":\"2019-01-21T06:53:25+00:00\",\"dateModified\":\"2020-08-24T09:33:35+00:00\",\"breadcrumb\":{\"@id\":\"https:\/\/www.eiffage.pl\/en\/engagement\/environmental-protection\/#breadcrumb\"},\"inLanguage\":\"en-US\",\"potentialAction\":[{\"@type\":\"ReadAction\",\"target\":[\"https:\/\/www.eiffage.pl\/en\/engagement\/environmental-protection\/\"]}]},{\"@type\":\"BreadcrumbList\",\"@id\":\"https:\/\/www.eiffage.pl\/en\/engagement\/environmental-protection\/#breadcrumb\",\"itemListElement\":[{\"@type\":\"ListItem\",\"position\":1,\"name\":\"Strona g\u0142\u00f3wna\",\"item\":\"https:\/\/www.eiffage.pl\/en\/\"},{\"@type\":\"ListItem\",\"position\":2,\"name\":\"Engagement\",\"item\":\"https:\/\/www.eiffage.pl\/en\/engagement\/\"},{\"@type\":\"ListItem\",\"position\":3,\"name\":\"Environmental protection\"}]},{\"@type\":\"WebSite\",\"@id\":\"https:\/\/www.eiffage.pl\/#website\",\"url\":\"https:\/\/www.eiffage.pl\/\",\"name\":\"Eiffage Poland\",\"description\":\"Grupa Eiffage jest jedn\u0105 z najwi\u0119kszych grup budowlanych i operator\u00f3w koncesji w Europie. Firma zrealizowa\u0142a wiele ambitnych i rozpoznawalnych na ca\u0142ym \u015bwiecie projekt\u00f3w. Nale\u017cy do lider\u00f3w w dziedzinie kompleksowego prowadzenia inwestycji w formule PPP. W ramach realizowanych kontrakt\u00f3w wdra\u017ca najnowsze technologie i procedury przyjazne dla \u015brodowiska.\",\"potentialAction\":[{\"@type\":\"SearchAction\",\"target\":{\"@type\":\"EntryPoint\",\"urlTemplate\":\"https:\/\/www.eiffage.pl\/?s={search_term_string}\"},\"query-input\":{\"@type\":\"PropertyValueSpecification\",\"valueRequired\":true,\"valueName\":\"search_term_string\"}}],\"inLanguage\":\"en-US\"}]}<\/script>\n<!-- \/ Yoast SEO plugin. -->","yoast_head_json":{"title":"Environmental protection - Eiffage Poland","robots":{"index":"index","follow":"follow","max-snippet":"max-snippet:-1","max-image-preview":"max-image-preview:large","max-video-preview":"max-video-preview:-1"},"canonical":"https:\/\/www.eiffage.pl\/en\/engagement\/environmental-protection\/","schema":{"@context":"https:\/\/schema.org","@graph":[{"@type":"WebPage","@id":"https:\/\/www.eiffage.pl\/en\/engagement\/environmental-protection\/","url":"https:\/\/www.eiffage.pl\/en\/engagement\/environmental-protection\/","name":"Environmental protection - Eiffage Poland","isPartOf":{"@id":"https:\/\/www.eiffage.pl\/#website"},"datePublished":"2019-01-21T06:53:25+00:00","dateModified":"2020-08-24T09:33:35+00:00","breadcrumb":{"@id":"https:\/\/www.eiffage.pl\/en\/engagement\/environmental-protection\/#breadcrumb"},"inLanguage":"en-US","potentialAction":[{"@type":"ReadAction","target":["https:\/\/www.eiffage.pl\/en\/engagement\/environmental-protection\/"]}]},{"@type":"BreadcrumbList","@id":"https:\/\/www.eiffage.pl\/en\/engagement\/environmental-protection\/#breadcrumb","itemListElement":[{"@type":"ListItem","position":1,"name":"Strona g\u0142\u00f3wna","item":"https:\/\/www.eiffage.pl\/en\/"},{"@type":"ListItem","position":2,"name":"Engagement","item":"https:\/\/www.eiffage.pl\/en\/engagement\/"},{"@type":"ListItem","position":3,"name":"Environmental protection"}]},{"@type":"WebSite","@id":"https:\/\/www.eiffage.pl\/#website","url":"https:\/\/www.eiffage.pl\/","name":"Eiffage Poland","description":"Grupa Eiffage jest jedn\u0105 z najwi\u0119kszych grup budowlanych i operator\u00f3w koncesji w Europie. Firma zrealizowa\u0142a wiele ambitnych i rozpoznawalnych na ca\u0142ym \u015bwiecie projekt\u00f3w. Nale\u017cy do lider\u00f3w w dziedzinie kompleksowego prowadzenia inwestycji w formule PPP. W ramach realizowanych kontrakt\u00f3w wdra\u017ca najnowsze technologie i procedury przyjazne dla \u015brodowiska.","potentialAction":[{"@type":"SearchAction","target":{"@type":"EntryPoint","urlTemplate":"https:\/\/www.eiffage.pl\/?s={search_term_string}"},"query-input":{"@type":"PropertyValueSpecification","valueRequired":true,"valueName":"search_term_string"}}],"inLanguage":"en-US"}]}},"_links":{"self":[{"href":"https:\/\/www.eiffage.pl\/en\/wp-json\/wp\/v2\/pages\/6846","targetHints":{"allow":["GET"]}}],"collection":[{"href":"https:\/\/www.eiffage.pl\/en\/wp-json\/wp\/v2\/pages"}],"about":[{"href":"https:\/\/www.eiffage.pl\/en\/wp-json\/wp\/v2\/types\/page"}],"author":[{"embeddable":true,"href":"https:\/\/www.eiffage.pl\/en\/wp-json\/wp\/v2\/users\/1"}],"replies":[{"embeddable":true,"href":"https:\/\/www.eiffage.pl\/en\/wp-json\/wp\/v2\/comments?post=6846"}],"version-history":[{"count":3,"href":"https:\/\/www.eiffage.pl\/en\/wp-json\/wp\/v2\/pages\/6846\/revisions"}],"predecessor-version":[{"id":8205,"href":"https:\/\/www.eiffage.pl\/en\/wp-json\/wp\/v2\/pages\/6846\/revisions\/8205"}],"up":[{"embeddable":true,"href":"https:\/\/www.eiffage.pl\/en\/wp-json\/wp\/v2\/pages\/6813"}],"wp:attachment":[{"href":"https:\/\/www.eiffage.pl\/en\/wp-json\/wp\/v2\/media?parent=6846"}],"curies":[{"name":"wp","href":"https:\/\/api.w.org\/{rel}","templated":true}]}}