{"id":6833,"date":"2019-01-21T07:42:32","date_gmt":"2019-01-21T06:42:32","guid":{"rendered":"https:\/\/www.eiffage.pl\/eiffage-in-poland\/entities\/"},"modified":"2019-07-12T12:55:58","modified_gmt":"2019-07-12T10:55:58","slug":"entities","status":"publish","type":"page","link":"https:\/\/www.eiffage.pl\/en\/eiffage-in-poland\/entities\/","title":{"rendered":"Entities"},"content":{"rendered":"<h3>Eiffage Polska Budownictwo<\/h3>\n<p>Development of housing estates, offices, hotels, industrial and power plants, retail facilities, sport, culture and education developments.<\/p>\n<h3>Eiffage Immobilier Polska<\/h3>\n<p>The company operates through Eiffage Immobilier. Using own allotments Eiffage Polska Nieruchomo\u015bci is able to offer highest quality services tailored to fit clients\u2019 individual needs and expectations.<\/p>\n<h3>Eiffage Polska Serwis<\/h3>\n<p>Eiffage Polska Serwis is a company that supports all Eiffage companies in Poland in areas beyond their key specialization. It acts as a shared service center for the Eiffage group in Poland.<\/p>\n","protected":false},"excerpt":{"rendered":"<p>Eiffage Polska Budownictwo Development of housing estates, offices, hotels, industrial and power plants, retail facilities,&#8230;<\/p>\n","protected":false},"author":1,"featured_media":0,"parent":6812,"menu_order":4,"comment_status":"closed","ping_status":"closed","template":"","meta":{"_acf_changed":false,"footnotes":""},"class_list":["post-6833","page","type-page","status-publish","hentry"],"acf":[],"yoast_head":"<!-- This site is optimized with the Yoast SEO plugin v26.8 - https:\/\/yoast.com\/product\/yoast-seo-wordpress\/ -->\n<title>Entities - Eiffage Poland<\/title>\n<meta name=\"robots\" content=\"index, follow, max-snippet:-1, max-image-preview:large, max-video-preview:-1\" \/>\n<link rel=\"canonical\" href=\"https:\/\/www.eiffage.pl\/en\/eiffage-in-poland\/entities\/\" \/>\n<script type=\"application\/ld+json\" class=\"yoast-schema-graph\">{\"@context\":\"https:\/\/schema.org\",\"@graph\":[{\"@type\":\"WebPage\",\"@id\":\"https:\/\/www.eiffage.pl\/en\/eiffage-in-poland\/entities\/\",\"url\":\"https:\/\/www.eiffage.pl\/en\/eiffage-in-poland\/entities\/\",\"name\":\"Entities - Eiffage Poland\",\"isPartOf\":{\"@id\":\"https:\/\/www.eiffage.pl\/#website\"},\"datePublished\":\"2019-01-21T06:42:32+00:00\",\"dateModified\":\"2019-07-12T10:55:58+00:00\",\"breadcrumb\":{\"@id\":\"https:\/\/www.eiffage.pl\/en\/eiffage-in-poland\/entities\/#breadcrumb\"},\"inLanguage\":\"en-US\",\"potentialAction\":[{\"@type\":\"ReadAction\",\"target\":[\"https:\/\/www.eiffage.pl\/en\/eiffage-in-poland\/entities\/\"]}]},{\"@type\":\"BreadcrumbList\",\"@id\":\"https:\/\/www.eiffage.pl\/en\/eiffage-in-poland\/entities\/#breadcrumb\",\"itemListElement\":[{\"@type\":\"ListItem\",\"position\":1,\"name\":\"Strona g\u0142\u00f3wna\",\"item\":\"https:\/\/www.eiffage.pl\/en\/\"},{\"@type\":\"ListItem\",\"position\":2,\"name\":\"Eiffage in Poland\",\"item\":\"https:\/\/www.eiffage.pl\/en\/eiffage-in-poland\/\"},{\"@type\":\"ListItem\",\"position\":3,\"name\":\"Entities\"}]},{\"@type\":\"WebSite\",\"@id\":\"https:\/\/www.eiffage.pl\/#website\",\"url\":\"https:\/\/www.eiffage.pl\/\",\"name\":\"Eiffage Poland\",\"description\":\"Grupa Eiffage jest jedn\u0105 z najwi\u0119kszych grup budowlanych i operator\u00f3w koncesji w Europie. Firma zrealizowa\u0142a wiele ambitnych i rozpoznawalnych na ca\u0142ym \u015bwiecie projekt\u00f3w. Nale\u017cy do lider\u00f3w w dziedzinie kompleksowego prowadzenia inwestycji w formule PPP. W ramach realizowanych kontrakt\u00f3w wdra\u017ca najnowsze technologie i procedury przyjazne dla \u015brodowiska.\",\"potentialAction\":[{\"@type\":\"SearchAction\",\"target\":{\"@type\":\"EntryPoint\",\"urlTemplate\":\"https:\/\/www.eiffage.pl\/?s={search_term_string}\"},\"query-input\":{\"@type\":\"PropertyValueSpecification\",\"valueRequired\":true,\"valueName\":\"search_term_string\"}}],\"inLanguage\":\"en-US\"}]}<\/script>\n<!-- \/ Yoast SEO plugin. -->","yoast_head_json":{"title":"Entities - Eiffage Poland","robots":{"index":"index","follow":"follow","max-snippet":"max-snippet:-1","max-image-preview":"max-image-preview:large","max-video-preview":"max-video-preview:-1"},"canonical":"https:\/\/www.eiffage.pl\/en\/eiffage-in-poland\/entities\/","schema":{"@context":"https:\/\/schema.org","@graph":[{"@type":"WebPage","@id":"https:\/\/www.eiffage.pl\/en\/eiffage-in-poland\/entities\/","url":"https:\/\/www.eiffage.pl\/en\/eiffage-in-poland\/entities\/","name":"Entities - Eiffage Poland","isPartOf":{"@id":"https:\/\/www.eiffage.pl\/#website"},"datePublished":"2019-01-21T06:42:32+00:00","dateModified":"2019-07-12T10:55:58+00:00","breadcrumb":{"@id":"https:\/\/www.eiffage.pl\/en\/eiffage-in-poland\/entities\/#breadcrumb"},"inLanguage":"en-US","potentialAction":[{"@type":"ReadAction","target":["https:\/\/www.eiffage.pl\/en\/eiffage-in-poland\/entities\/"]}]},{"@type":"BreadcrumbList","@id":"https:\/\/www.eiffage.pl\/en\/eiffage-in-poland\/entities\/#breadcrumb","itemListElement":[{"@type":"ListItem","position":1,"name":"Strona g\u0142\u00f3wna","item":"https:\/\/www.eiffage.pl\/en\/"},{"@type":"ListItem","position":2,"name":"Eiffage in Poland","item":"https:\/\/www.eiffage.pl\/en\/eiffage-in-poland\/"},{"@type":"ListItem","position":3,"name":"Entities"}]},{"@type":"WebSite","@id":"https:\/\/www.eiffage.pl\/#website","url":"https:\/\/www.eiffage.pl\/","name":"Eiffage Poland","description":"Grupa Eiffage jest jedn\u0105 z najwi\u0119kszych grup budowlanych i operator\u00f3w koncesji w Europie. Firma zrealizowa\u0142a wiele ambitnych i rozpoznawalnych na ca\u0142ym \u015bwiecie projekt\u00f3w. Nale\u017cy do lider\u00f3w w dziedzinie kompleksowego prowadzenia inwestycji w formule PPP. W ramach realizowanych kontrakt\u00f3w wdra\u017ca najnowsze technologie i procedury przyjazne dla \u015brodowiska.","potentialAction":[{"@type":"SearchAction","target":{"@type":"EntryPoint","urlTemplate":"https:\/\/www.eiffage.pl\/?s={search_term_string}"},"query-input":{"@type":"PropertyValueSpecification","valueRequired":true,"valueName":"search_term_string"}}],"inLanguage":"en-US"}]}},"_links":{"self":[{"href":"https:\/\/www.eiffage.pl\/en\/wp-json\/wp\/v2\/pages\/6833","targetHints":{"allow":["GET"]}}],"collection":[{"href":"https:\/\/www.eiffage.pl\/en\/wp-json\/wp\/v2\/pages"}],"about":[{"href":"https:\/\/www.eiffage.pl\/en\/wp-json\/wp\/v2\/types\/page"}],"author":[{"embeddable":true,"href":"https:\/\/www.eiffage.pl\/en\/wp-json\/wp\/v2\/users\/1"}],"replies":[{"embeddable":true,"href":"https:\/\/www.eiffage.pl\/en\/wp-json\/wp\/v2\/comments?post=6833"}],"version-history":[{"count":5,"href":"https:\/\/www.eiffage.pl\/en\/wp-json\/wp\/v2\/pages\/6833\/revisions"}],"predecessor-version":[{"id":7387,"href":"https:\/\/www.eiffage.pl\/en\/wp-json\/wp\/v2\/pages\/6833\/revisions\/7387"}],"up":[{"embeddable":true,"href":"https:\/\/www.eiffage.pl\/en\/wp-json\/wp\/v2\/pages\/6812"}],"wp:attachment":[{"href":"https:\/\/www.eiffage.pl\/en\/wp-json\/wp\/v2\/media?parent=6833"}],"curies":[{"name":"wp","href":"https:\/\/api.w.org\/{rel}","templated":true}]}}