{"id":6831,"date":"2019-01-21T07:42:27","date_gmt":"2019-01-21T06:42:27","guid":{"rendered":"https:\/\/www.eiffage.pl\/eiffage-in-poland\/management-board\/"},"modified":"2019-01-21T07:42:27","modified_gmt":"2019-01-21T06:42:27","slug":"management-board","status":"publish","type":"page","link":"https:\/\/www.eiffage.pl\/en\/eiffage-in-poland\/management-board\/","title":{"rendered":"Management Board"},"content":{"rendered":"<blockquote><p>The management board of the Eiffage in Poland embodies experience in construction companies and a long-term practice in real estate sector.<\/p><\/blockquote>\n<p>The structure of Eiffage group in Poland consists on the synergy of three main entities.<\/p>\n","protected":false},"excerpt":{"rendered":"<p>The management board of the Eiffage in Poland embodies experience in construction companies and a&#8230;<\/p>\n","protected":false},"author":1,"featured_media":0,"parent":6812,"menu_order":3,"comment_status":"closed","ping_status":"closed","template":"templates\/page-zarzad.php","meta":{"_acf_changed":false,"footnotes":""},"class_list":["post-6831","page","type-page","status-publish","hentry"],"acf":[],"yoast_head":"<!-- This site is optimized with the Yoast SEO plugin v26.8 - https:\/\/yoast.com\/product\/yoast-seo-wordpress\/ -->\n<title>Management Board - Eiffage Poland<\/title>\n<meta name=\"robots\" content=\"index, follow, max-snippet:-1, max-image-preview:large, max-video-preview:-1\" \/>\n<link rel=\"canonical\" href=\"https:\/\/www.eiffage.pl\/en\/eiffage-in-poland\/management-board\/\" \/>\n<script type=\"application\/ld+json\" class=\"yoast-schema-graph\">{\"@context\":\"https:\/\/schema.org\",\"@graph\":[{\"@type\":\"WebPage\",\"@id\":\"https:\/\/www.eiffage.pl\/en\/eiffage-in-poland\/management-board\/\",\"url\":\"https:\/\/www.eiffage.pl\/en\/eiffage-in-poland\/management-board\/\",\"name\":\"Management Board - Eiffage Poland\",\"isPartOf\":{\"@id\":\"https:\/\/www.eiffage.pl\/#website\"},\"datePublished\":\"2019-01-21T06:42:27+00:00\",\"breadcrumb\":{\"@id\":\"https:\/\/www.eiffage.pl\/en\/eiffage-in-poland\/management-board\/#breadcrumb\"},\"inLanguage\":\"en-US\",\"potentialAction\":[{\"@type\":\"ReadAction\",\"target\":[\"https:\/\/www.eiffage.pl\/en\/eiffage-in-poland\/management-board\/\"]}]},{\"@type\":\"BreadcrumbList\",\"@id\":\"https:\/\/www.eiffage.pl\/en\/eiffage-in-poland\/management-board\/#breadcrumb\",\"itemListElement\":[{\"@type\":\"ListItem\",\"position\":1,\"name\":\"Strona g\u0142\u00f3wna\",\"item\":\"https:\/\/www.eiffage.pl\/en\/\"},{\"@type\":\"ListItem\",\"position\":2,\"name\":\"Eiffage in Poland\",\"item\":\"https:\/\/www.eiffage.pl\/en\/eiffage-in-poland\/\"},{\"@type\":\"ListItem\",\"position\":3,\"name\":\"Management Board\"}]},{\"@type\":\"WebSite\",\"@id\":\"https:\/\/www.eiffage.pl\/#website\",\"url\":\"https:\/\/www.eiffage.pl\/\",\"name\":\"Eiffage Poland\",\"description\":\"Grupa Eiffage jest jedn\u0105 z najwi\u0119kszych grup budowlanych i operator\u00f3w koncesji w Europie. Firma zrealizowa\u0142a wiele ambitnych i rozpoznawalnych na ca\u0142ym \u015bwiecie projekt\u00f3w. Nale\u017cy do lider\u00f3w w dziedzinie kompleksowego prowadzenia inwestycji w formule PPP. W ramach realizowanych kontrakt\u00f3w wdra\u017ca najnowsze technologie i procedury przyjazne dla \u015brodowiska.\",\"potentialAction\":[{\"@type\":\"SearchAction\",\"target\":{\"@type\":\"EntryPoint\",\"urlTemplate\":\"https:\/\/www.eiffage.pl\/?s={search_term_string}\"},\"query-input\":{\"@type\":\"PropertyValueSpecification\",\"valueRequired\":true,\"valueName\":\"search_term_string\"}}],\"inLanguage\":\"en-US\"}]}<\/script>\n<!-- \/ Yoast SEO plugin. -->","yoast_head_json":{"title":"Management Board - Eiffage Poland","robots":{"index":"index","follow":"follow","max-snippet":"max-snippet:-1","max-image-preview":"max-image-preview:large","max-video-preview":"max-video-preview:-1"},"canonical":"https:\/\/www.eiffage.pl\/en\/eiffage-in-poland\/management-board\/","schema":{"@context":"https:\/\/schema.org","@graph":[{"@type":"WebPage","@id":"https:\/\/www.eiffage.pl\/en\/eiffage-in-poland\/management-board\/","url":"https:\/\/www.eiffage.pl\/en\/eiffage-in-poland\/management-board\/","name":"Management Board - Eiffage Poland","isPartOf":{"@id":"https:\/\/www.eiffage.pl\/#website"},"datePublished":"2019-01-21T06:42:27+00:00","breadcrumb":{"@id":"https:\/\/www.eiffage.pl\/en\/eiffage-in-poland\/management-board\/#breadcrumb"},"inLanguage":"en-US","potentialAction":[{"@type":"ReadAction","target":["https:\/\/www.eiffage.pl\/en\/eiffage-in-poland\/management-board\/"]}]},{"@type":"BreadcrumbList","@id":"https:\/\/www.eiffage.pl\/en\/eiffage-in-poland\/management-board\/#breadcrumb","itemListElement":[{"@type":"ListItem","position":1,"name":"Strona g\u0142\u00f3wna","item":"https:\/\/www.eiffage.pl\/en\/"},{"@type":"ListItem","position":2,"name":"Eiffage in Poland","item":"https:\/\/www.eiffage.pl\/en\/eiffage-in-poland\/"},{"@type":"ListItem","position":3,"name":"Management Board"}]},{"@type":"WebSite","@id":"https:\/\/www.eiffage.pl\/#website","url":"https:\/\/www.eiffage.pl\/","name":"Eiffage Poland","description":"Grupa Eiffage jest jedn\u0105 z najwi\u0119kszych grup budowlanych i operator\u00f3w koncesji w Europie. Firma zrealizowa\u0142a wiele ambitnych i rozpoznawalnych na ca\u0142ym \u015bwiecie projekt\u00f3w. Nale\u017cy do lider\u00f3w w dziedzinie kompleksowego prowadzenia inwestycji w formule PPP. W ramach realizowanych kontrakt\u00f3w wdra\u017ca najnowsze technologie i procedury przyjazne dla \u015brodowiska.","potentialAction":[{"@type":"SearchAction","target":{"@type":"EntryPoint","urlTemplate":"https:\/\/www.eiffage.pl\/?s={search_term_string}"},"query-input":{"@type":"PropertyValueSpecification","valueRequired":true,"valueName":"search_term_string"}}],"inLanguage":"en-US"}]}},"_links":{"self":[{"href":"https:\/\/www.eiffage.pl\/en\/wp-json\/wp\/v2\/pages\/6831","targetHints":{"allow":["GET"]}}],"collection":[{"href":"https:\/\/www.eiffage.pl\/en\/wp-json\/wp\/v2\/pages"}],"about":[{"href":"https:\/\/www.eiffage.pl\/en\/wp-json\/wp\/v2\/types\/page"}],"author":[{"embeddable":true,"href":"https:\/\/www.eiffage.pl\/en\/wp-json\/wp\/v2\/users\/1"}],"replies":[{"embeddable":true,"href":"https:\/\/www.eiffage.pl\/en\/wp-json\/wp\/v2\/comments?post=6831"}],"version-history":[{"count":0,"href":"https:\/\/www.eiffage.pl\/en\/wp-json\/wp\/v2\/pages\/6831\/revisions"}],"up":[{"embeddable":true,"href":"https:\/\/www.eiffage.pl\/en\/wp-json\/wp\/v2\/pages\/6812"}],"wp:attachment":[{"href":"https:\/\/www.eiffage.pl\/en\/wp-json\/wp\/v2\/media?parent=6831"}],"curies":[{"name":"wp","href":"https:\/\/api.w.org\/{rel}","templated":true}]}}