{"id":6829,"date":"2019-01-21T07:42:06","date_gmt":"2019-01-21T06:42:06","guid":{"rendered":"https:\/\/www.eiffage.pl\/eiffage-in-poland\/discover-eiffage-group\/"},"modified":"2019-01-21T07:42:06","modified_gmt":"2019-01-21T06:42:06","slug":"discover-eiffage-group","status":"publish","type":"page","link":"https:\/\/www.eiffage.pl\/en\/eiffage-in-poland\/discover-eiffage-group\/","title":{"rendered":"Discover Eiffage group"},"content":{"rendered":"<blockquote><p>The Eiffage has been active on the global construction market for since 1844. Today it is one of the TOP 10 construction companies and concession operators in Europe. What makes it stand out in the sector is the synergy of specializations in building construction, real estate development and communications infrastructure, as well as energy and licenses.<\/p><\/blockquote>\n<p>Combining the French sense of beauty with international experience, Eiffage sets new standards for modern construction around the world. As an innovative company, it implements the latest technologies, strict safety standards and environmentally friendly procedures. The futuristic sails of the Sydney Opera, the glass pyramid of the Louvre in Paris and the Millau Viaduct in France, the highest structure of its kind in Europe, are the most characteristic and significant examples of the huge potential and innovative power of the Eiffage group.<\/p>\n","protected":false},"excerpt":{"rendered":"<p>The Eiffage has been active on the global construction market for since 1844. Today it&#8230;<\/p>\n","protected":false},"author":1,"featured_media":0,"parent":6812,"menu_order":1,"comment_status":"closed","ping_status":"closed","template":"","meta":{"_acf_changed":false,"footnotes":""},"class_list":["post-6829","page","type-page","status-publish","hentry"],"acf":[],"yoast_head":"<!-- This site is optimized with the Yoast SEO plugin v26.8 - https:\/\/yoast.com\/product\/yoast-seo-wordpress\/ -->\n<title>Discover Eiffage group - Eiffage Poland<\/title>\n<meta name=\"robots\" content=\"index, follow, max-snippet:-1, max-image-preview:large, max-video-preview:-1\" \/>\n<link rel=\"canonical\" href=\"https:\/\/www.eiffage.pl\/en\/eiffage-in-poland\/discover-eiffage-group\/\" \/>\n<meta name=\"twitter:label1\" content=\"Est. reading time\" \/>\n\t<meta name=\"twitter:data1\" content=\"1 minute\" \/>\n<script type=\"application\/ld+json\" class=\"yoast-schema-graph\">{\"@context\":\"https:\/\/schema.org\",\"@graph\":[{\"@type\":\"WebPage\",\"@id\":\"https:\/\/www.eiffage.pl\/en\/eiffage-in-poland\/discover-eiffage-group\/\",\"url\":\"https:\/\/www.eiffage.pl\/en\/eiffage-in-poland\/discover-eiffage-group\/\",\"name\":\"Discover Eiffage group - Eiffage Poland\",\"isPartOf\":{\"@id\":\"https:\/\/www.eiffage.pl\/#website\"},\"datePublished\":\"2019-01-21T06:42:06+00:00\",\"breadcrumb\":{\"@id\":\"https:\/\/www.eiffage.pl\/en\/eiffage-in-poland\/discover-eiffage-group\/#breadcrumb\"},\"inLanguage\":\"en-US\",\"potentialAction\":[{\"@type\":\"ReadAction\",\"target\":[\"https:\/\/www.eiffage.pl\/en\/eiffage-in-poland\/discover-eiffage-group\/\"]}]},{\"@type\":\"BreadcrumbList\",\"@id\":\"https:\/\/www.eiffage.pl\/en\/eiffage-in-poland\/discover-eiffage-group\/#breadcrumb\",\"itemListElement\":[{\"@type\":\"ListItem\",\"position\":1,\"name\":\"Strona g\u0142\u00f3wna\",\"item\":\"https:\/\/www.eiffage.pl\/en\/\"},{\"@type\":\"ListItem\",\"position\":2,\"name\":\"Eiffage in Poland\",\"item\":\"https:\/\/www.eiffage.pl\/en\/eiffage-in-poland\/\"},{\"@type\":\"ListItem\",\"position\":3,\"name\":\"Discover Eiffage group\"}]},{\"@type\":\"WebSite\",\"@id\":\"https:\/\/www.eiffage.pl\/#website\",\"url\":\"https:\/\/www.eiffage.pl\/\",\"name\":\"Eiffage Poland\",\"description\":\"Grupa Eiffage jest jedn\u0105 z najwi\u0119kszych grup budowlanych i operator\u00f3w koncesji w Europie. Firma zrealizowa\u0142a wiele ambitnych i rozpoznawalnych na ca\u0142ym \u015bwiecie projekt\u00f3w. Nale\u017cy do lider\u00f3w w dziedzinie kompleksowego prowadzenia inwestycji w formule PPP. W ramach realizowanych kontrakt\u00f3w wdra\u017ca najnowsze technologie i procedury przyjazne dla \u015brodowiska.\",\"potentialAction\":[{\"@type\":\"SearchAction\",\"target\":{\"@type\":\"EntryPoint\",\"urlTemplate\":\"https:\/\/www.eiffage.pl\/?s={search_term_string}\"},\"query-input\":{\"@type\":\"PropertyValueSpecification\",\"valueRequired\":true,\"valueName\":\"search_term_string\"}}],\"inLanguage\":\"en-US\"}]}<\/script>\n<!-- \/ Yoast SEO plugin. -->","yoast_head_json":{"title":"Discover Eiffage group - Eiffage Poland","robots":{"index":"index","follow":"follow","max-snippet":"max-snippet:-1","max-image-preview":"max-image-preview:large","max-video-preview":"max-video-preview:-1"},"canonical":"https:\/\/www.eiffage.pl\/en\/eiffage-in-poland\/discover-eiffage-group\/","twitter_misc":{"Est. reading time":"1 minute"},"schema":{"@context":"https:\/\/schema.org","@graph":[{"@type":"WebPage","@id":"https:\/\/www.eiffage.pl\/en\/eiffage-in-poland\/discover-eiffage-group\/","url":"https:\/\/www.eiffage.pl\/en\/eiffage-in-poland\/discover-eiffage-group\/","name":"Discover Eiffage group - Eiffage Poland","isPartOf":{"@id":"https:\/\/www.eiffage.pl\/#website"},"datePublished":"2019-01-21T06:42:06+00:00","breadcrumb":{"@id":"https:\/\/www.eiffage.pl\/en\/eiffage-in-poland\/discover-eiffage-group\/#breadcrumb"},"inLanguage":"en-US","potentialAction":[{"@type":"ReadAction","target":["https:\/\/www.eiffage.pl\/en\/eiffage-in-poland\/discover-eiffage-group\/"]}]},{"@type":"BreadcrumbList","@id":"https:\/\/www.eiffage.pl\/en\/eiffage-in-poland\/discover-eiffage-group\/#breadcrumb","itemListElement":[{"@type":"ListItem","position":1,"name":"Strona g\u0142\u00f3wna","item":"https:\/\/www.eiffage.pl\/en\/"},{"@type":"ListItem","position":2,"name":"Eiffage in Poland","item":"https:\/\/www.eiffage.pl\/en\/eiffage-in-poland\/"},{"@type":"ListItem","position":3,"name":"Discover Eiffage group"}]},{"@type":"WebSite","@id":"https:\/\/www.eiffage.pl\/#website","url":"https:\/\/www.eiffage.pl\/","name":"Eiffage Poland","description":"Grupa Eiffage jest jedn\u0105 z najwi\u0119kszych grup budowlanych i operator\u00f3w koncesji w Europie. Firma zrealizowa\u0142a wiele ambitnych i rozpoznawalnych na ca\u0142ym \u015bwiecie projekt\u00f3w. Nale\u017cy do lider\u00f3w w dziedzinie kompleksowego prowadzenia inwestycji w formule PPP. W ramach realizowanych kontrakt\u00f3w wdra\u017ca najnowsze technologie i procedury przyjazne dla \u015brodowiska.","potentialAction":[{"@type":"SearchAction","target":{"@type":"EntryPoint","urlTemplate":"https:\/\/www.eiffage.pl\/?s={search_term_string}"},"query-input":{"@type":"PropertyValueSpecification","valueRequired":true,"valueName":"search_term_string"}}],"inLanguage":"en-US"}]}},"_links":{"self":[{"href":"https:\/\/www.eiffage.pl\/en\/wp-json\/wp\/v2\/pages\/6829","targetHints":{"allow":["GET"]}}],"collection":[{"href":"https:\/\/www.eiffage.pl\/en\/wp-json\/wp\/v2\/pages"}],"about":[{"href":"https:\/\/www.eiffage.pl\/en\/wp-json\/wp\/v2\/types\/page"}],"author":[{"embeddable":true,"href":"https:\/\/www.eiffage.pl\/en\/wp-json\/wp\/v2\/users\/1"}],"replies":[{"embeddable":true,"href":"https:\/\/www.eiffage.pl\/en\/wp-json\/wp\/v2\/comments?post=6829"}],"version-history":[{"count":0,"href":"https:\/\/www.eiffage.pl\/en\/wp-json\/wp\/v2\/pages\/6829\/revisions"}],"up":[{"embeddable":true,"href":"https:\/\/www.eiffage.pl\/en\/wp-json\/wp\/v2\/pages\/6812"}],"wp:attachment":[{"href":"https:\/\/www.eiffage.pl\/en\/wp-json\/wp\/v2\/media?parent=6829"}],"curies":[{"name":"wp","href":"https:\/\/api.w.org\/{rel}","templated":true}]}}