{"id":6825,"date":"2019-01-21T07:26:21","date_gmt":"2019-01-21T06:26:21","guid":{"rendered":"https:\/\/www.eiffage.pl\/career\/recruitment-process\/"},"modified":"2019-01-21T12:05:38","modified_gmt":"2019-01-21T11:05:38","slug":"recruitment-process","status":"publish","type":"page","link":"https:\/\/www.eiffage.pl\/en\/career\/recruitment-process\/","title":{"rendered":"Recruitment process"},"content":{"rendered":"<blockquote><p>Eiffage wish our first contact with the company to be the beginning of the long-term cooperation. Therefore, we try to make the friendly atmosphere accompanying recruitment meetings give candidates the best possible self-presentation.<\/p><\/blockquote>\n<p>Eiffage pays attention to both professional experience, technical skills and experience in the industry, as well as motivation to work and interpersonal skills. It values self-motivated people who are ready to take on new professional challenges, identify themselves with the company, and are oriented on developing their skills and using their talents.<\/p>\n","protected":false},"excerpt":{"rendered":"<p>Eiffage wish our first contact with the company to be the beginning of the long-term&#8230;<\/p>\n","protected":false},"author":1,"featured_media":6803,"parent":6815,"menu_order":2,"comment_status":"closed","ping_status":"closed","template":"templates\/page-przebieg-rekrutacji.php","meta":{"_acf_changed":false,"footnotes":""},"class_list":["post-6825","page","type-page","status-publish","has-post-thumbnail","hentry"],"acf":[],"yoast_head":"<!-- This site is optimized with the Yoast SEO plugin v26.8 - https:\/\/yoast.com\/product\/yoast-seo-wordpress\/ -->\n<title>Recruitment process - Eiffage Poland<\/title>\n<meta name=\"robots\" content=\"index, follow, max-snippet:-1, max-image-preview:large, max-video-preview:-1\" \/>\n<link rel=\"canonical\" href=\"https:\/\/www.eiffage.pl\/en\/career\/recruitment-process\/\" \/>\n<script type=\"application\/ld+json\" class=\"yoast-schema-graph\">{\"@context\":\"https:\/\/schema.org\",\"@graph\":[{\"@type\":\"WebPage\",\"@id\":\"https:\/\/www.eiffage.pl\/en\/career\/recruitment-process\/\",\"url\":\"https:\/\/www.eiffage.pl\/en\/career\/recruitment-process\/\",\"name\":\"Recruitment process - Eiffage Poland\",\"isPartOf\":{\"@id\":\"https:\/\/www.eiffage.pl\/#website\"},\"primaryImageOfPage\":{\"@id\":\"https:\/\/www.eiffage.pl\/en\/career\/recruitment-process\/#primaryimage\"},\"image\":{\"@id\":\"https:\/\/www.eiffage.pl\/en\/career\/recruitment-process\/#primaryimage\"},\"thumbnailUrl\":\"https:\/\/www.eiffage.pl\/wp-content\/uploads\/2019\/01\/Przebieg-rekrutacji.jpg\",\"datePublished\":\"2019-01-21T06:26:21+00:00\",\"dateModified\":\"2019-01-21T11:05:38+00:00\",\"breadcrumb\":{\"@id\":\"https:\/\/www.eiffage.pl\/en\/career\/recruitment-process\/#breadcrumb\"},\"inLanguage\":\"en-US\",\"potentialAction\":[{\"@type\":\"ReadAction\",\"target\":[\"https:\/\/www.eiffage.pl\/en\/career\/recruitment-process\/\"]}]},{\"@type\":\"ImageObject\",\"inLanguage\":\"en-US\",\"@id\":\"https:\/\/www.eiffage.pl\/en\/career\/recruitment-process\/#primaryimage\",\"url\":\"https:\/\/www.eiffage.pl\/wp-content\/uploads\/2019\/01\/Przebieg-rekrutacji.jpg\",\"contentUrl\":\"https:\/\/www.eiffage.pl\/wp-content\/uploads\/2019\/01\/Przebieg-rekrutacji.jpg\",\"width\":1482,\"height\":1634},{\"@type\":\"BreadcrumbList\",\"@id\":\"https:\/\/www.eiffage.pl\/en\/career\/recruitment-process\/#breadcrumb\",\"itemListElement\":[{\"@type\":\"ListItem\",\"position\":1,\"name\":\"Strona g\u0142\u00f3wna\",\"item\":\"https:\/\/www.eiffage.pl\/en\/\"},{\"@type\":\"ListItem\",\"position\":2,\"name\":\"Career\",\"item\":\"https:\/\/www.eiffage.pl\/en\/career\/\"},{\"@type\":\"ListItem\",\"position\":3,\"name\":\"Recruitment process\"}]},{\"@type\":\"WebSite\",\"@id\":\"https:\/\/www.eiffage.pl\/#website\",\"url\":\"https:\/\/www.eiffage.pl\/\",\"name\":\"Eiffage Poland\",\"description\":\"Grupa Eiffage jest jedn\u0105 z najwi\u0119kszych grup budowlanych i operator\u00f3w koncesji w Europie. Firma zrealizowa\u0142a wiele ambitnych i rozpoznawalnych na ca\u0142ym \u015bwiecie projekt\u00f3w. Nale\u017cy do lider\u00f3w w dziedzinie kompleksowego prowadzenia inwestycji w formule PPP. W ramach realizowanych kontrakt\u00f3w wdra\u017ca najnowsze technologie i procedury przyjazne dla \u015brodowiska.\",\"potentialAction\":[{\"@type\":\"SearchAction\",\"target\":{\"@type\":\"EntryPoint\",\"urlTemplate\":\"https:\/\/www.eiffage.pl\/?s={search_term_string}\"},\"query-input\":{\"@type\":\"PropertyValueSpecification\",\"valueRequired\":true,\"valueName\":\"search_term_string\"}}],\"inLanguage\":\"en-US\"}]}<\/script>\n<!-- \/ Yoast SEO plugin. -->","yoast_head_json":{"title":"Recruitment process - Eiffage Poland","robots":{"index":"index","follow":"follow","max-snippet":"max-snippet:-1","max-image-preview":"max-image-preview:large","max-video-preview":"max-video-preview:-1"},"canonical":"https:\/\/www.eiffage.pl\/en\/career\/recruitment-process\/","schema":{"@context":"https:\/\/schema.org","@graph":[{"@type":"WebPage","@id":"https:\/\/www.eiffage.pl\/en\/career\/recruitment-process\/","url":"https:\/\/www.eiffage.pl\/en\/career\/recruitment-process\/","name":"Recruitment process - Eiffage Poland","isPartOf":{"@id":"https:\/\/www.eiffage.pl\/#website"},"primaryImageOfPage":{"@id":"https:\/\/www.eiffage.pl\/en\/career\/recruitment-process\/#primaryimage"},"image":{"@id":"https:\/\/www.eiffage.pl\/en\/career\/recruitment-process\/#primaryimage"},"thumbnailUrl":"https:\/\/www.eiffage.pl\/wp-content\/uploads\/2019\/01\/Przebieg-rekrutacji.jpg","datePublished":"2019-01-21T06:26:21+00:00","dateModified":"2019-01-21T11:05:38+00:00","breadcrumb":{"@id":"https:\/\/www.eiffage.pl\/en\/career\/recruitment-process\/#breadcrumb"},"inLanguage":"en-US","potentialAction":[{"@type":"ReadAction","target":["https:\/\/www.eiffage.pl\/en\/career\/recruitment-process\/"]}]},{"@type":"ImageObject","inLanguage":"en-US","@id":"https:\/\/www.eiffage.pl\/en\/career\/recruitment-process\/#primaryimage","url":"https:\/\/www.eiffage.pl\/wp-content\/uploads\/2019\/01\/Przebieg-rekrutacji.jpg","contentUrl":"https:\/\/www.eiffage.pl\/wp-content\/uploads\/2019\/01\/Przebieg-rekrutacji.jpg","width":1482,"height":1634},{"@type":"BreadcrumbList","@id":"https:\/\/www.eiffage.pl\/en\/career\/recruitment-process\/#breadcrumb","itemListElement":[{"@type":"ListItem","position":1,"name":"Strona g\u0142\u00f3wna","item":"https:\/\/www.eiffage.pl\/en\/"},{"@type":"ListItem","position":2,"name":"Career","item":"https:\/\/www.eiffage.pl\/en\/career\/"},{"@type":"ListItem","position":3,"name":"Recruitment process"}]},{"@type":"WebSite","@id":"https:\/\/www.eiffage.pl\/#website","url":"https:\/\/www.eiffage.pl\/","name":"Eiffage Poland","description":"Grupa Eiffage jest jedn\u0105 z najwi\u0119kszych grup budowlanych i operator\u00f3w koncesji w Europie. Firma zrealizowa\u0142a wiele ambitnych i rozpoznawalnych na ca\u0142ym \u015bwiecie projekt\u00f3w. Nale\u017cy do lider\u00f3w w dziedzinie kompleksowego prowadzenia inwestycji w formule PPP. W ramach realizowanych kontrakt\u00f3w wdra\u017ca najnowsze technologie i procedury przyjazne dla \u015brodowiska.","potentialAction":[{"@type":"SearchAction","target":{"@type":"EntryPoint","urlTemplate":"https:\/\/www.eiffage.pl\/?s={search_term_string}"},"query-input":{"@type":"PropertyValueSpecification","valueRequired":true,"valueName":"search_term_string"}}],"inLanguage":"en-US"}]}},"_links":{"self":[{"href":"https:\/\/www.eiffage.pl\/en\/wp-json\/wp\/v2\/pages\/6825","targetHints":{"allow":["GET"]}}],"collection":[{"href":"https:\/\/www.eiffage.pl\/en\/wp-json\/wp\/v2\/pages"}],"about":[{"href":"https:\/\/www.eiffage.pl\/en\/wp-json\/wp\/v2\/types\/page"}],"author":[{"embeddable":true,"href":"https:\/\/www.eiffage.pl\/en\/wp-json\/wp\/v2\/users\/1"}],"replies":[{"embeddable":true,"href":"https:\/\/www.eiffage.pl\/en\/wp-json\/wp\/v2\/comments?post=6825"}],"version-history":[{"count":1,"href":"https:\/\/www.eiffage.pl\/en\/wp-json\/wp\/v2\/pages\/6825\/revisions"}],"predecessor-version":[{"id":6907,"href":"https:\/\/www.eiffage.pl\/en\/wp-json\/wp\/v2\/pages\/6825\/revisions\/6907"}],"up":[{"embeddable":true,"href":"https:\/\/www.eiffage.pl\/en\/wp-json\/wp\/v2\/pages\/6815"}],"wp:featuredmedia":[{"embeddable":true,"href":"https:\/\/www.eiffage.pl\/en\/wp-json\/wp\/v2\/media\/6803"}],"wp:attachment":[{"href":"https:\/\/www.eiffage.pl\/en\/wp-json\/wp\/v2\/media?parent=6825"}],"curies":[{"name":"wp","href":"https:\/\/api.w.org\/{rel}","templated":true}]}}