{"id":11528,"date":"2024-11-05T14:49:47","date_gmt":"2024-11-05T13:49:47","guid":{"rendered":"https:\/\/www.eiffage.pl\/?page_id=11528"},"modified":"2026-01-22T16:20:41","modified_gmt":"2026-01-22T15:20:41","slug":"rownosc-murowana","status":"publish","type":"page","link":"https:\/\/www.eiffage.pl\/en\/zaangazowanie\/rownosc-murowana\/","title":{"rendered":"Kampania antydyskryminacyjna &#8220;R\u00f3wno\u015b\u0107 murowana&#8221;"},"content":{"rendered":"","protected":false},"excerpt":{"rendered":"","protected":false},"author":1,"featured_media":0,"parent":57,"menu_order":0,"comment_status":"closed","ping_status":"closed","template":"templates\/page-equality.php","meta":{"_acf_changed":false,"footnotes":""},"class_list":["post-11528","page","type-page","status-publish","hentry"],"acf":[],"yoast_head":"<!-- This site is optimized with the Yoast SEO plugin v26.8 - https:\/\/yoast.com\/product\/yoast-seo-wordpress\/ -->\n<title>Kampania antydyskryminacyjna &quot;R\u00f3wno\u015b\u0107 murowana&quot; - Eiffage Poland<\/title>\n<meta name=\"description\" content=\"Bran\u017ca budowlana wci\u0105\u017c mierzy si\u0119 z wieloma szkodliwymi stereotypami. Zobacz, jak to zmieniamy!\" \/>\n<meta name=\"robots\" content=\"index, follow, max-snippet:-1, max-image-preview:large, max-video-preview:-1\" \/>\n<link rel=\"canonical\" href=\"https:\/\/www.eiffage.pl\/en\/zaangazowanie\/rownosc-murowana\/\" \/>\n<script type=\"application\/ld+json\" class=\"yoast-schema-graph\">{\"@context\":\"https:\/\/schema.org\",\"@graph\":[{\"@type\":\"WebPage\",\"@id\":\"https:\/\/www.eiffage.pl\/en\/zaangazowanie\/rownosc-murowana\/\",\"url\":\"https:\/\/www.eiffage.pl\/en\/zaangazowanie\/rownosc-murowana\/\",\"name\":\"Kampania antydyskryminacyjna \\\"R\u00f3wno\u015b\u0107 murowana\\\" - Eiffage Poland\",\"isPartOf\":{\"@id\":\"https:\/\/www.eiffage.pl\/#website\"},\"datePublished\":\"2024-11-05T13:49:47+00:00\",\"dateModified\":\"2026-01-22T15:20:41+00:00\",\"description\":\"Bran\u017ca budowlana wci\u0105\u017c mierzy si\u0119 z wieloma szkodliwymi stereotypami. Zobacz, jak to zmieniamy!\",\"breadcrumb\":{\"@id\":\"https:\/\/www.eiffage.pl\/en\/zaangazowanie\/rownosc-murowana\/#breadcrumb\"},\"inLanguage\":\"en-US\",\"potentialAction\":[{\"@type\":\"ReadAction\",\"target\":[\"https:\/\/www.eiffage.pl\/en\/zaangazowanie\/rownosc-murowana\/\"]}]},{\"@type\":\"BreadcrumbList\",\"@id\":\"https:\/\/www.eiffage.pl\/en\/zaangazowanie\/rownosc-murowana\/#breadcrumb\",\"itemListElement\":[{\"@type\":\"ListItem\",\"position\":1,\"name\":\"Strona g\u0142\u00f3wna\",\"item\":\"https:\/\/www.eiffage.pl\/en\/\"},{\"@type\":\"ListItem\",\"position\":2,\"name\":\"Zaanga\u017cowanie\",\"item\":\"https:\/\/www.eiffage.pl\/en\/zaangazowanie\/\"},{\"@type\":\"ListItem\",\"position\":3,\"name\":\"Kampania antydyskryminacyjna &#8222;R\u00f3wno\u015b\u0107 murowana&#8221;\"}]},{\"@type\":\"WebSite\",\"@id\":\"https:\/\/www.eiffage.pl\/#website\",\"url\":\"https:\/\/www.eiffage.pl\/\",\"name\":\"Eiffage Poland\",\"description\":\"Grupa Eiffage jest jedn\u0105 z najwi\u0119kszych grup budowlanych i operator\u00f3w koncesji w Europie. Firma zrealizowa\u0142a wiele ambitnych i rozpoznawalnych na ca\u0142ym \u015bwiecie projekt\u00f3w. Nale\u017cy do lider\u00f3w w dziedzinie kompleksowego prowadzenia inwestycji w formule PPP. W ramach realizowanych kontrakt\u00f3w wdra\u017ca najnowsze technologie i procedury przyjazne dla \u015brodowiska.\",\"potentialAction\":[{\"@type\":\"SearchAction\",\"target\":{\"@type\":\"EntryPoint\",\"urlTemplate\":\"https:\/\/www.eiffage.pl\/?s={search_term_string}\"},\"query-input\":{\"@type\":\"PropertyValueSpecification\",\"valueRequired\":true,\"valueName\":\"search_term_string\"}}],\"inLanguage\":\"en-US\"}]}<\/script>\n<!-- \/ Yoast SEO plugin. -->","yoast_head_json":{"title":"Kampania antydyskryminacyjna \"R\u00f3wno\u015b\u0107 murowana\" - Eiffage Poland","description":"Bran\u017ca budowlana wci\u0105\u017c mierzy si\u0119 z wieloma szkodliwymi stereotypami. Zobacz, jak to zmieniamy!","robots":{"index":"index","follow":"follow","max-snippet":"max-snippet:-1","max-image-preview":"max-image-preview:large","max-video-preview":"max-video-preview:-1"},"canonical":"https:\/\/www.eiffage.pl\/en\/zaangazowanie\/rownosc-murowana\/","schema":{"@context":"https:\/\/schema.org","@graph":[{"@type":"WebPage","@id":"https:\/\/www.eiffage.pl\/en\/zaangazowanie\/rownosc-murowana\/","url":"https:\/\/www.eiffage.pl\/en\/zaangazowanie\/rownosc-murowana\/","name":"Kampania antydyskryminacyjna \"R\u00f3wno\u015b\u0107 murowana\" - Eiffage Poland","isPartOf":{"@id":"https:\/\/www.eiffage.pl\/#website"},"datePublished":"2024-11-05T13:49:47+00:00","dateModified":"2026-01-22T15:20:41+00:00","description":"Bran\u017ca budowlana wci\u0105\u017c mierzy si\u0119 z wieloma szkodliwymi stereotypami. Zobacz, jak to zmieniamy!","breadcrumb":{"@id":"https:\/\/www.eiffage.pl\/en\/zaangazowanie\/rownosc-murowana\/#breadcrumb"},"inLanguage":"en-US","potentialAction":[{"@type":"ReadAction","target":["https:\/\/www.eiffage.pl\/en\/zaangazowanie\/rownosc-murowana\/"]}]},{"@type":"BreadcrumbList","@id":"https:\/\/www.eiffage.pl\/en\/zaangazowanie\/rownosc-murowana\/#breadcrumb","itemListElement":[{"@type":"ListItem","position":1,"name":"Strona g\u0142\u00f3wna","item":"https:\/\/www.eiffage.pl\/en\/"},{"@type":"ListItem","position":2,"name":"Zaanga\u017cowanie","item":"https:\/\/www.eiffage.pl\/en\/zaangazowanie\/"},{"@type":"ListItem","position":3,"name":"Kampania antydyskryminacyjna &#8222;R\u00f3wno\u015b\u0107 murowana&#8221;"}]},{"@type":"WebSite","@id":"https:\/\/www.eiffage.pl\/#website","url":"https:\/\/www.eiffage.pl\/","name":"Eiffage Poland","description":"Grupa Eiffage jest jedn\u0105 z najwi\u0119kszych grup budowlanych i operator\u00f3w koncesji w Europie. Firma zrealizowa\u0142a wiele ambitnych i rozpoznawalnych na ca\u0142ym \u015bwiecie projekt\u00f3w. Nale\u017cy do lider\u00f3w w dziedzinie kompleksowego prowadzenia inwestycji w formule PPP. W ramach realizowanych kontrakt\u00f3w wdra\u017ca najnowsze technologie i procedury przyjazne dla \u015brodowiska.","potentialAction":[{"@type":"SearchAction","target":{"@type":"EntryPoint","urlTemplate":"https:\/\/www.eiffage.pl\/?s={search_term_string}"},"query-input":{"@type":"PropertyValueSpecification","valueRequired":true,"valueName":"search_term_string"}}],"inLanguage":"en-US"}]}},"_links":{"self":[{"href":"https:\/\/www.eiffage.pl\/en\/wp-json\/wp\/v2\/pages\/11528","targetHints":{"allow":["GET"]}}],"collection":[{"href":"https:\/\/www.eiffage.pl\/en\/wp-json\/wp\/v2\/pages"}],"about":[{"href":"https:\/\/www.eiffage.pl\/en\/wp-json\/wp\/v2\/types\/page"}],"author":[{"embeddable":true,"href":"https:\/\/www.eiffage.pl\/en\/wp-json\/wp\/v2\/users\/1"}],"replies":[{"embeddable":true,"href":"https:\/\/www.eiffage.pl\/en\/wp-json\/wp\/v2\/comments?post=11528"}],"version-history":[{"count":15,"href":"https:\/\/www.eiffage.pl\/en\/wp-json\/wp\/v2\/pages\/11528\/revisions"}],"predecessor-version":[{"id":13671,"href":"https:\/\/www.eiffage.pl\/en\/wp-json\/wp\/v2\/pages\/11528\/revisions\/13671"}],"up":[{"embeddable":true,"href":"https:\/\/www.eiffage.pl\/en\/wp-json\/wp\/v2\/pages\/57"}],"wp:attachment":[{"href":"https:\/\/www.eiffage.pl\/en\/wp-json\/wp\/v2\/media?parent=11528"}],"curies":[{"name":"wp","href":"https:\/\/api.w.org\/{rel}","templated":true}]}}